{"id":1667,"date":"2017-07-01T15:55:25","date_gmt":"2017-07-01T15:55:25","guid":{"rendered":"https:\/\/xn--diseopaginaswebenvalencia-coc.com\/barcelona\/?page_id=1667&#038;lang=ca"},"modified":"2018-09-17T15:22:44","modified_gmt":"2018-09-17T15:22:44","slug":"barcelona-guia-turistic-privat-tour-ruta-francesc-garcia","status":"publish","type":"page","link":"https:\/\/barcelona365.info\/ca\/barcelona-guia-turistic-privat-tour-ruta-francesc-garcia\/","title":{"rendered":"SOBRE MI"},"content":{"rendered":"<div class=\"wpb-content-wrapper\"><p>[vc_row section_type=&#8221;in-container&#8221;][vc_column width=&#8221;1\/2&#8243;][vc_empty_space height=&#8221;80px&#8221;][vc_column_text]<\/p>\n<div id=\"page-header\">\n<div id=\"breadcrumbs\">\n<h3><\/h3>\n<h3><strong>Em dic Francesc Garcia i soc Guia Oficial de Catalunya (n\u00famero de llic\u00e8ncia 2753). Treballo al camp del turisme des de fa anys, el que m&#8217;ha perm\u00e8s acumular una llarga experi\u00e8ncia com a guia.<\/strong><\/h3>\n<h3>Els meus tours s\u00f3n en catal\u00e0, espanyol, angl\u00e8s i itali\u00e0.<\/h3>\n<h3><\/h3>\n<\/div>\n<\/div>\n<p>[\/vc_column_text][\/vc_column][vc_column width=&#8221;1\/2&#8243;]<div class=\"grve-element grve-video\" style=\"\"><iframe loading=\"lazy\" width=\"1080\" height=\"608\" src=\"https:\/\/www.youtube.com\/embed\/2RhT67WaRW4?feature=oembed\" frameborder=\"0\" gesture=\"media\" allowfullscreen><\/iframe><\/div>[\/vc_column][\/vc_row][vc_row][vc_column width=&#8221;2\/3&#8243;][vc_column_text]<\/p>\n<h5><strong>La meva hist\u00f2ria:<\/strong><\/h5>\n<p><strong>Vaig n\u00e9ixer a Poble Nou<\/strong>, que com tots sabreu ha canviat molt\u00edssim. Als 14 anys la meva fam\u00edlia i jo ens v\u00e0rem mudar a <strong>Lloret de Mar<\/strong>. L\u2019amor em duria a <strong>Brescia (It\u00e0lia)<\/strong> durant 2 anys i mig fins que el 2001 vaig tornar establint-me a <strong>Barcelona<\/strong>, on visc ara.<br \/>\nMentre estudiava la <strong>carrera d<\/strong><strong>\u2019<\/strong><strong>ADE (Economia)<\/strong>, al estius, vaig comen\u00e7ar a treballar amb el turisme y aix\u00f2 em va despertar la meva passi\u00f3 per la hist\u00f2ria i cultura catalana. Amb el temps he orientat la meva professi\u00f3 cap al turisme, fins que el <strong>2010<\/strong> vaig <strong>passar els ex\u00e0mens<\/strong> que m\u2019acreditaven com a <strong>Guia Turistic Oficial de Catalunya<\/strong> per la Generalitat de Catalunya.<br \/>\nVa ser llavors que <strong>vaig fund\u00e0 <\/strong><strong>\u201c<\/strong><strong>Barcelona365<\/strong><strong>\u201d<\/strong>, la feina a la que dedico tot el meu temps i passi\u00f3 (ja sabeu all\u00f2 de \u201cfes all\u00f2 que t\u2019agrada i no treballar\u00e0s mai m\u00e9s\u201d, puc dir-vos qu\u00e8 \u00e9s cert!).<br \/>\nAvui, com a petit empresari, tinc <strong>la meva pr\u00f2pia empresa<\/strong> i amb \u00e8xit he de dir, fins al punt <strong>d<\/strong><strong>\u2019<\/strong><strong>haver escollit un grup redu\u00eft de guies oficials<\/strong> que fan aquells tours als que no puc atendre personalment (\u00f2bviament amb l\u2019aprovaci\u00f3 del client).<\/p>\n<h5><strong>El meu estil com a \u201cguia\u201d:<\/strong><\/h5>\n<p>La meva germana, quant \u00e9rem petits, deia que quant jo li explicava alguna cosa ella sempre ho entenia, que tenia una <strong>manera de transmetre<\/strong> que feia <strong>les coses f\u00e0cils<\/strong>. Curiosament ella \u00e9s mestre, i jo sempre he pensat que <strong>un guia \u00e9s com un mestre on la seva classe \u00e9s el carrer<\/strong>.<br \/>\nAquells que han fet un tour amb mi, sovint diuen que poso una gran <strong>passi\u00f3 i entusiasme<\/strong> quant explico alguna cosa. M\u2019emociona veure que la gent a qui explico <strong>ent\u00e9n m\u00e9s all\u00e0 del que veu<\/strong>.<\/p>\n<p style=\"text-align: center;\">Si busqueu un <strong>tour a mida<\/strong>, <strong>nom\u00e9s pel vostre grup<\/strong>, expliqueu-me les vostres inquietuds i deixeu-vos portar.<br \/>\n<strong>Us sorprendr\u00e9!!!<\/strong><\/p>\n<p>&nbsp;<\/p>\n<p>(<a href=\"https:\/\/barcelona365.info\/ca\/barcelona-guia-turistic-privat-tour-ruta-opinions\/\"><strong><u>opinions<\/u><\/strong><\/a> d\u2019altres viatgers \u2013 nota: TripAdvisor no publica opinions en catal\u00e0).[\/vc_column_text][\/vc_column][vc_column width=&#8221;1\/3&#8243;]<div class=\"grve-element grve-image grve-align-center\" style=\"\"><img loading=\"lazy\" decoding=\"async\" width=\"625\" height=\"519\" src=\"https:\/\/barcelona365.info\/wp-content\/uploads\/2015\/02\/Foto-Francesc.jpg\" class=\"attachment-full size-full\" alt=\"\" srcset=\"https:\/\/barcelona365.info\/wp-content\/uploads\/2015\/02\/Foto-Francesc.jpg 625w, https:\/\/barcelona365.info\/wp-content\/uploads\/2015\/02\/Foto-Francesc-300x249.jpg 300w, https:\/\/barcelona365.info\/wp-content\/uploads\/2015\/02\/Foto-Francesc-560x465.jpg 560w\" sizes=\"(max-width: 625px) 100vw, 625px\" \/><\/div>[vc_empty_space]<div class=\"grve-element grve-image grve-align-center\" style=\"\"><img loading=\"lazy\" decoding=\"async\" width=\"506\" height=\"322\" src=\"https:\/\/barcelona365.info\/wp-content\/uploads\/2018\/09\/Carnet-Guia-2023-front.jpg\" class=\"attachment-full size-full\" alt=\"\" srcset=\"https:\/\/barcelona365.info\/wp-content\/uploads\/2018\/09\/Carnet-Guia-2023-front.jpg 506w, https:\/\/barcelona365.info\/wp-content\/uploads\/2018\/09\/Carnet-Guia-2023-front-300x191.jpg 300w\" sizes=\"(max-width: 506px) 100vw, 506px\" \/><\/div>[vc_column_text]<\/p>\n<p style=\"text-align: center;\"><a href=\"mailto:info@barcelona365.es\"><strong><span style=\"color: #000000;\">info@barcelona365.es<\/span><\/strong><\/a><strong>\u00a0 \u00a0<\/strong><strong>+34 629 70 90 77<\/strong><\/p>\n<p>[\/vc_column_text][vc_row_inner][vc_column_inner width=&#8221;1\/4&#8243;][\/vc_column_inner][vc_column_inner width=&#8221;1\/2&#8243;][vc_raw_html]JTNDZGl2JTIwaWQlM0QlMjJUQV9jZXJ0aWZpY2F0ZU9mRXhjZWxsZW5jZTg4MSUyMiUyMGNsYXNzJTNEJTIyVEFfY2VydGlmaWNhdGVPZkV4Y2VsbGVuY2UlMjIlM0UlMEElM0N1bCUyMGlkJTNEJTIyRENQaExOTDlGSFhvJTIyJTIwY2xhc3MlM0QlMjJUQV9saW5rcyUyMENaRVVLZWFJN09WaSUyMiUzRSUwQSUzQ2xpJTIwaWQlM0QlMjIzOXpqc2NWNkZWeCUyMiUyMGNsYXNzJTNEJTIyQzBaS3BTM3hOYSUyMiUzRSUwQSUzQ2ElMjB0YXJnZXQlM0QlMjJfYmxhbmslMjIlMjBocmVmJTNEJTIyaHR0cHMlM0ElMkYlMkZ3d3cudHJpcGFkdmlzb3IuZXMlMkZBdHRyYWN0aW9uX1Jldmlldy1nMTg3NDk3LWQzMjIzOTY2LVJldmlld3MtQmFyY2Vsb25hMzY1X0RheV9Ub3VyLUJhcmNlbG9uYV9DYXRhbG9uaWEuaHRtbCUyMiUzRSUzQ2ltZyUyMHNyYyUzRCUyMmh0dHBzJTNBJTJGJTJGd3d3LnRyaXBhZHZpc29yLmVzJTJGaW1nJTJGY2RzaSUyRmltZzIlMkZhd2FyZHMlMkZDb0UyMDE3X1dpZGdldEFzc2V0LTE0MzQ4LTIucG5nJTIyJTIwYWx0JTNEJTIyVHJpcEFkdmlzb3IlMjIlMjBjbGFzcyUzRCUyMndpZENPRUltZyUyMiUyMGlkJTNEJTIyQ0RTV0lEQ09FTE9HTyUyMiUyRiUzRSUzQyUyRmElM0UlMEElM0MlMkZsaSUzRSUwQSUzQyUyRnVsJTNFJTBBJTNDJTJGZGl2JTNFJTBBJTNDc2NyaXB0JTIwc3JjJTNEJTIyaHR0cHMlM0ElMkYlMkZ3d3cuanNjYWNoZS5jb20lMkZ3ZWpzJTNGd3R5cGUlM0RjZXJ0aWZpY2F0ZU9mRXhjZWxsZW5jZSUyNmFtcCUzQnVuaXElM0Q4ODElMjZhbXAlM0Jsb2NhdGlvbklkJTNEMzIyMzk2NiUyNmFtcCUzQmxhbmclM0RlcyUyNmFtcCUzQnllYXIlM0QyMDE3JTI2YW1wJTNCZGlzcGxheV92ZXJzaW9uJTNEMiUyMiUzRSUzQyUyRnNjcmlwdCUzRQ==[\/vc_raw_html][\/vc_column_inner][vc_column_inner width=&#8221;1\/4&#8243;][\/vc_column_inner][\/vc_row_inner][\/vc_column][\/vc_row][vc_row][vc_column width=&#8221;1\/4&#8243;][\/vc_column][vc_column width=&#8221;1\/4&#8243;]<div class=\"grve-element grve-align-left\"><a class=\"grve-btn grve-btn-small grve-square grve-bg-primary-1\" href=\"https:\/\/barcelona365.info\/ca\/barcelona-guia-turistic-privat-ruta-tours\/\" target=\"_self\" style=\"\"><span>TRIA EL TEU TOUR<\/span><\/a><\/div>[\/vc_column][vc_column width=&#8221;1\/4&#8243;]<div class=\"grve-element grve-align-left\"><a class=\"grve-btn grve-btn-small grve-square grve-bg-primary-1\" href=\"https:\/\/barcelona365.info\/ca\/barcelona-guia-turistic-privat-tour-ruta-reserva-ara\/\" target=\"_self\" style=\"\"><span>RESERVA \/ PREGUNTA<\/span><\/a><\/div>[\/vc_column][vc_column width=&#8221;1\/4&#8243;][\/vc_column][\/vc_row]<\/p>\n<\/div>","protected":false},"excerpt":{"rendered":"<p>[vc_row section_type=&#8221;in-container&#8221;][vc_column width=&#8221;1\/2&#8243;][vc_empty_space height=&#8221;80px&#8221;][vc_column_text] Em dic Francesc Garcia i soc Guia Oficial de Catalunya (n\u00famero de llic\u00e8ncia 2753). Treballo al camp del turisme des de fa anys, el que m&#8217;ha perm\u00e8s acumular una llarga experi\u00e8ncia com a guia. Els meus tours s\u00f3n en catal\u00e0, espanyol, angl\u00e8s i itali\u00e0. [\/vc_column_text][\/vc_column][vc_column width=&#8221;1\/2&#8243;][\/vc_column][\/vc_row][vc_row][vc_column width=&#8221;2\/3&#8243;][vc_column_text] La meva hist\u00f2ria: Vaig [&hellip;]<\/p>\n","protected":false},"author":1,"featured_media":0,"parent":0,"menu_order":0,"comment_status":"open","ping_status":"closed","template":"","meta":{"footnotes":""},"aioseo_notices":[],"_links":{"self":[{"href":"https:\/\/barcelona365.info\/ca\/wp-json\/wp\/v2\/pages\/1667"}],"collection":[{"href":"https:\/\/barcelona365.info\/ca\/wp-json\/wp\/v2\/pages"}],"about":[{"href":"https:\/\/barcelona365.info\/ca\/wp-json\/wp\/v2\/types\/page"}],"author":[{"embeddable":true,"href":"https:\/\/barcelona365.info\/ca\/wp-json\/wp\/v2\/users\/1"}],"replies":[{"embeddable":true,"href":"https:\/\/barcelona365.info\/ca\/wp-json\/wp\/v2\/comments?post=1667"}],"version-history":[{"count":0,"href":"https:\/\/barcelona365.info\/ca\/wp-json\/wp\/v2\/pages\/1667\/revisions"}],"wp:attachment":[{"href":"https:\/\/barcelona365.info\/ca\/wp-json\/wp\/v2\/media?parent=1667"}],"curies":[{"name":"wp","href":"https:\/\/api.w.org\/{rel}","templated":true}]}}