{"id":3611,"date":"2015-01-01T19:48:11","date_gmt":"2015-01-01T19:48:11","guid":{"rendered":"https:\/\/xn--diseopaginaswebenvalencia-coc.com\/barcelona\/politica-de-cookies-y-aviso-legal\/?lang=ca"},"modified":"2017-11-14T10:03:10","modified_gmt":"2017-11-14T10:03:10","slug":"politica-de-cookies-y-aviso-legal","status":"publish","type":"page","link":"https:\/\/barcelona365.info\/ca\/politica-de-cookies-y-aviso-legal\/","title":{"rendered":"Pol\u00edtica de Cookies y Aviso Legal"},"content":{"rendered":"<div class=\"wpb-content-wrapper\"><p>[vc_row][vc_column width=&#8221;1\/2&#8243;][vc_column_text]<strong>Pol\u00edtica de cookies<br \/>\n<\/strong>De acuerdo con la normativa vigente, facilitamos a los Usuarios la informaci\u00f3n relativa a las cookies que utilizamos y el motivo de su uso en el sitio web www.barcelona365.es (en adelante referido como BARCELONA365), as\u00ed como solicitamos el consentimiento para poder utilizarlas.<\/p>\n<p>BARCELONA365, al igual que la mayor\u00eda de los sitios en Internet, usa Cookies para mejorar y optimizar la experiencia del usuario. A continuaci\u00f3n encontrar\u00e1s informaci\u00f3n detallada sobre qu\u00e9 son las \u201cCookies\u201d, qu\u00e9 tipolog\u00eda utiliza BARCELONA365, c\u00f3mo puedes desactivarlas en tu navegador y c\u00f3mo bloquear espec\u00edficamente la instalaci\u00f3n de Cookies de terceros.<\/p>\n<p><strong>\u00bfQU\u00c9 SON LAS COOKIES Y COMO LAS USA <\/strong><strong>BARCELONA365?<br \/>\n<\/strong>Las Cookies son peque\u00f1os archivos que el sitio web o la aplicaci\u00f3n que utilizas instala en tu navegador o en tu dispositivo (Smartphone, tableta o televisi\u00f3n conectada) durante tu recorrido por las p\u00e1ginas o por la aplicaci\u00f3n, y sirven para almacenar informaci\u00f3n de tu visita. Como la mayor\u00eda de los sitios en internet, BARCELONA365 utiliza Cookies para:<br \/>\n\u2013 Asegurar que las p\u00e1ginas web puedan funcionar correctamente.<br \/>\n\u2013 Almacenar tus preferencias, como el idioma que has seleccionado o el tama\u00f1o de letra.<br \/>\n\u2013 Conocer la experiencia de navegaci\u00f3n.<br \/>\n\u2013 Recopilar informaci\u00f3n estad\u00edstica an\u00f3nima, como qu\u00e9 p\u00e1ginas ha visto el Usuario o cu\u00e1nto tiempo ha estado en nuestros medios.<\/p>\n<p>BARCELONA365 utiliza Cookies para funcionar, adaptar y facilitar al m\u00e1ximo la navegaci\u00f3n del Usuario.<br \/>\nLas Cookies se asocian \u00fanicamente a un Usuario an\u00f3nimo y su ordenador\/dispositivo y no proporcionan referencias que permitan conocer datos personales. En todo momento podr\u00e1s acceder a la configuraci\u00f3n de tu navegador para modificar y\/o bloquear la instalaci\u00f3n de las Cookies enviadas por BARCELONA365, sin que ello impida al acceso a los contenidos. Sin embargo, la calidad del funcionamiento de los Servicios puede verse afectada.<\/p>\n<p><strong>\u00bfPOR QU\u00c9 SON IMPORTANTES?<br \/>\n<\/strong>\u2013 Desde un punto de vista t\u00e9cnico, permiten que los sitios web funcionen de forma m\u00e1s \u00e1gil y adaptada a las preferencias de los Usuarios, como por ejemplo almacenar el idioma, la moneda del pa\u00eds o detectar el dispositivo de acceso.<br \/>\n\u2013 Establecen niveles de protecci\u00f3n y seguridad que impiden o dificultan ciberataques contra BARCELONA365 o sus Usuarios.<br \/>\n\u2013 Permiten que los gestores de los medios puedan conocer datos estad\u00edsticos recopilados en las Cookies para mejorar la calidad y experiencia de sus servicios.<br \/>\n\u2013 Pueden servir para optimizar la publicidad que mostramos en el Portal y para personalizar dicha publicidad conforme a los h\u00e1bitos de navegaci\u00f3n de los Usuarios.<\/p>\n<p><strong>\u00bfCU\u00c1LES SON LOS DIFERENTES TIPOS DE COOKIES QUE UTILIZA <\/strong><strong>BARCELONA365?<br \/>\n<\/strong>Las Cookies de sesi\u00f3n expiran cuando el Usuario abandona la p\u00e1gina o cierra el navegador, es decir, est\u00e1n activas mientras dura la visita a BARCELONA365 y por tanto son borradas de nuestro ordenador al abandonarlo.<br \/>\nLas Cookies persistentes son un tipo de cookies en el que los datos siguen almacenados en el terminal y a los que se puede acceder y tratar durante un periodo definido por el responsable de la cookie, y que puede ir de unos minutos a varios a\u00f1os.<br \/>\nPor otro lado, seg\u00fan quien sea la entidad que gestione el equipo o dominio desde donde se gestionan las cookies y trate los datos que se obtengan, podemos distinguir entre Cookies propias y de terceros<br \/>\n\u2013 Las Cookies propias son aquellas Cookies que son asociadas a tu ordenador y gestionadas exclusivamente por BARCELONA365 para el mejor funcionamiento de este sitio Web. La informaci\u00f3n que recabamos se emplea para mejorar la calidad de nuestro servicio.<br \/>\n\u2013 Si interact\u00faas con el contenido de BARCELONA365 tambi\u00e9n pueden establecerse Cookies de terceros (por ejemplo, al pulsar botones de redes sociales o visionar v\u00eddeos alojados en otro sitio web), que son aquellas establecidas por un dominio diferente de BARCELONA365. Los registros realizados en las redes sociales y las cookies asociadas a las mismas, quedan sometidas a su pol\u00edtica de cookies.<\/p>\n<p>Navegar por BARCELONA365 supone que se puedan instalar los siguientes tipos de Cookies:<br \/>\n<em><strong>T\u00e9cnicas<\/strong> (Google; Twitter)<br \/>\n<\/em>Este tipo de Cookies nos facilita informaci\u00f3n sobre el uso que el Usuario realiza del Portal, como por ejemplo, qu\u00e9 paginas ha visitado, al registrarte, cuando inicias sesi\u00f3n en el Portal o si has tenido problemas t\u00e9cnicos en los accesos a ciertas p\u00e1ginas. Estas cookies no permiten identificarle, puesto que la informaci\u00f3n que recogen es an\u00f3nima y ser\u00e1 utilizada \u00fanicamente para trabajos de mejora de dise\u00f1o de las p\u00e1ginas y de navegaci\u00f3n por el Portal, estad\u00edsticas de uso, etc.<br \/>\nhttp:\/\/www.google.es\/intl\/es\/policies\/technologies\/types\/<br \/>\nhttp:\/\/support.twitter.com\/articles\/20170521-el-uso-que-hace-twitter-de-cookies-y-tecnologias-similares#<\/p>\n<p><em><strong>Anal\u00edticas<\/strong> (Google Analytics)<br \/>\n<\/em>Se utilizan con fines estad\u00edsticos \u00fanicamente. La informaci\u00f3n se utiliza para medici\u00f3n de la actividad en el sitio web.<br \/>\nhttps:\/\/developers.google.com\/analytics\/devguides\/collection\/analyticsjs\/cookie-usage<\/p>\n<p><em><strong>De personalizaci\u00f3n<\/strong> (Facebook)<br \/>\n<\/em>Este tipo permite personalizar las funciones o contenidos del sitio web en funci\u00f3n de los datos obtenidos del navegador. Mediante estas Cookies podemos presentar un sitio web en el mismo idioma del navegador usado para visitar la web.<br \/>\nhttps:\/\/fbcdn-dragon-a.akamaihd.net\/cfs-ak-prn1\/676572\/857\/360595310676682_183459869.pdf<\/p>\n<p><em><strong>Publicitarias<\/strong> (Google Adsense)<br \/>\n<\/em>Permiten gesti\u00f3n m\u00e1s eficaz de los espacios publicitarios en base a criterios como el contenidos editado o frecuencia en la que se muestran los anuncios.<br \/>\nhttp:\/\/www.google.es\/intl\/es\/policies\/technologies\/types\/<\/p>\n<p><strong>\u00bfC\u00d3MO PUEDO CONFIGURAR MIS COOKIES?<br \/>\n<\/strong>Al navegar y continuar en BARCELONA365 estar\u00e1s consintiendo el uso de las Cookies en las condiciones contenidas en la presente Pol\u00edtica de Cookies. BARCELONA365 proporciona acceso a esta Pol\u00edtica de Cookies con el objetivo de que el Usuario est\u00e9 informado, y sin perjuicio de que \u00e9ste pueda ejercer su derecho a bloquear, eliminar y rechazar el uso de Cookies en todo momento.<br \/>\nEn cualquier caso te informamos que puedes bloquearlas o deshabilitarlas activando la configuraci\u00f3n de tu navegador, que te permite rechazar la instalaci\u00f3n de todas las Cookies o de algunas de ellas. La pr\u00e1ctica mayor\u00eda de los navegadores permiten advertir de la presencia de Cookies o rechazarlas autom\u00e1ticamente. Si las rechazas podr\u00e1 seguir usando este sitio Web, aunque el uso de algunos de sus servicios podr\u00e1 ser limitado y por tanto tu experiencia en nuestro sitio Web menos satisfactoria.<br \/>\nA continuaci\u00f3n te indicamos los links de los principales navegadores y dispositivos para que dispongas de toda la informaci\u00f3n para consultar c\u00f3mo gestionar las cookies en tu navegador.<\/p>\n<p>Internet Explorer \u2122: http:\/\/windows.microsoft.com\/es-ES\/windows7\/How-to-manage-cookies-in-Internet-Explorer-9<br \/>\nSafari \u2122: http:\/\/support.apple.com\/kb\/HT1677?viewlocale=es_ES<br \/>\nGoogle Chrome \u2122: https:\/\/support.google.com\/chrome\/answer\/95647?hl=es&amp;hlrm=en<br \/>\nMozilla Firefox \u2122: http:\/\/support.mozilla.org\/es\/kb\/cookies-informacion-que-los-sitios-web-guardan-en-?redirectlocale=en-US&amp;redirectslug=Cookies<\/p>\n<p>El Usuario puede revocar su consentimiento para el uso de cookies (opt-out), en su navegador, a trav\u00e9s de la configuraci\u00f3n de las opciones que los navegadores ponen a su disposici\u00f3n para esta finalidad.<\/p>\n<p><strong>\u00bfACTUALIZAMOS NUESTRA POL\u00cdTICA DE COOKIES?<br \/>\n<\/strong>BARCELONA365 puede modificar esta Pol\u00edtica de Cookies en funci\u00f3n de nuevas exigencias legislativas, reglamentarias, o con la finalidad de adaptar dicha pol\u00edtica a las instrucciones dictadas por la Agencia Espa\u00f1ola de Protecci\u00f3n de Datos.<br \/>\nPor ello, es posible que actualicemos la Pol\u00edtica de Cookies de nuestro sitio Web, recomend\u00e1ndote revisar esta pol\u00edtica en alguna ocasi\u00f3n que accedas a BARCELONA365, con el objetivo de estar adecuadamente informado sobre c\u00f3mo y para qu\u00e9 usamos las Cookies.[\/vc_column_text][\/vc_column][vc_column width=&#8221;1\/2&#8243;][vc_column_text]<strong>Aviso legal<\/strong><\/p>\n<p>El presente Aviso Legal establece las condiciones de acceso a la web www.barcelona365.es (en adelante, la WEB) y de uso de sus contenidos tales como el c\u00f3digo fuente, dise\u00f1o, estructura de navegaci\u00f3n, bases de datos, textos, im\u00e1genes, fotos, sonido y cualquier otra creaci\u00f3n (en adelante y conjuntamente, los CONTENIDOS).<\/p>\n<ol>\n<li><strong> Identificaci\u00f3n y contacto<\/strong><br \/>\n1.1 La WEB es titularidad de la persona f\u00edsica Joan Francesc Garcia Juan, con NIF n\u00ba. 43.675.456-C<br \/>\n1.2 Joan Francesc Garcia Juan facilita los siguientes datos de contacto:<br \/>\n\u2013 Direcci\u00f3n postal: Estrop, 3 bxos 1a 08912 Badalona (Barcelona &#8211; Espa\u00f1a)<br \/>\n\u2013 Tel\u00e9fono:\u00a0+34 629 70 90 77<br \/>\n\u2013 E-mail:\u00a0info@barcelona365.es<\/li>\n<li><strong> Conocimiento y aceptaci\u00f3n<\/strong><br \/>\n2.1 El acceso a la WEB atribuye la condici\u00f3n de usuario de la WEB (en adelante, USUARIO).<br \/>\n2.2 Navegar por la WEB significa que el USUARIO conoce y acepta sin reservas este Aviso Legal en la versi\u00f3n publicada en el momento que el USUARIO accede a la WEB.<\/li>\n<li><strong> Pol\u00edtica de privacidad y protecci\u00f3n de datos de car\u00e1cter personal\u00a0<\/strong><br \/>\n3.1 Joan Francesc Garcia Juan le informa de que la recogida de sus datos personales se produce con las finalidades siguientes: (i) comerciales y publicitarias, (ii) hacer encuestas, estad\u00edsticas y an\u00e1lisis de tendencias de mercado y (iii) elaborar perfiles del usuario al objeto (por tal) de personalizar y mejorar nuestros servicios en estricto cumplimiento del establecido a la Ley org\u00e1nica 15\/1999, del 13 de diciembre, de protecci\u00f3n de datos de car\u00e1cter personal (LOPD).<br \/>\n3.2 El cliente puede acceder a sus datos personales, rectificarlos y cancelarlos, en los plazos establecidos en la LOPD, y es el responsable del fichero Joan Francesc Garcia Juan, el domicilio del cual est\u00e1 en la calle \u00a0Estrop, 3 Bxos 1a 08912 Badalona (Barcelona &#8211; Espa\u00f1a). Por su comodidad, podr\u00e1 ejercer los derechos antes mencionados tambi\u00e9n por correo electr\u00f3nico a la direcci\u00f3n info@barcelona365.es<\/li>\n<li><strong> Propiedad Intelectual (Derechos de Autor)<\/strong><br \/>\n4.1 Todos los derechos de autor de la WEB y sus CONTENIDOS son propiedad de la Joan Francesc Garcia Juan o bien \u00e9sta ha adquirido los correspondientes derechos de explotaci\u00f3n de sus titulares y\/o autores, y est\u00e1n protegidos por las leyes y tratados internacionales sobre propiedad intelectual.<br \/>\n4.2 Unicamente se permite al USUARIO la visualizaci\u00f3n y descarga de los CONTENIDOS de la WEB para su uso personal y no comercial.<br \/>\n4.3 Para cualquier otro uso de los CONTENIDOS de la WEB no expresamente autorizado en el presente Aviso Legal, el USUARIO debe solicitar y obtener la previa autorizaci\u00f3n escrita de Joan Francesc Garcia Juan.<\/li>\n<li><strong> Responsabilidad del USUARIO<\/strong><br \/>\nEl uso no autorizado de los CONTENIDOS de la WEB o la lesi\u00f3n de los derechos de Propiedad Intelectual de la TITULAR dar\u00e1 lugar a las responsabilidades previstas por la legislaci\u00f3n vigente.<\/li>\n<li><strong> La WEB de <\/strong><strong>Joan Francesc Garcia Juansi\u00a0utiliza \u201ccookies\u201d.<\/strong><\/li>\n<li><strong> Modificaciones y duraci\u00f3n<\/strong><br \/>\n7.1 Joan Francesc Garcia Juan se reserva el derecho de ampliar, modificar o suprimir los CONTENIDOS de la WEB y\/o las condiciones del presente Aviso Legal, en cualquier momento sin preaviso.<br \/>\n7.2 Joan Francesc Garcia Juan tambi\u00e9n se reserva el derecho de suspender y\/o restringir, sea temporal o permanentemente, el acceso a la WEB y\/o uso de sus CONTENIDOS, en cualquier momento sin preaviso.<\/li>\n<li><strong> Exclusi\u00f3n de responsabilidad y garant\u00edas<\/strong><br \/>\n8.1 Joan Francesc Garcia Juan no garantiza ni se responsabiliza de los eventuales errores tipogr\u00e1ficos, formales o num\u00e9ricos que puedan contener los CONTENIDOS de la WEB.<br \/>\n8.2 Joan Francesc Garcia Juan no garantiza ni se responsabiliza de la continuidad de la WEB.<\/li>\n<li><strong> Enlaces<\/strong><br \/>\n9.1 Para establecer v\u00ednculos de webs de terceros a la WEB, hay que obtener la previa autorizaci\u00f3n escrita de Joan Francesc Garcia Juan<br \/>\n9.2 La WEB puede tener enlaces en webs de terceros. Joan Francesc Garcia Juan no asume ninguna responsabilidad por los contenidos, informaciones o servicios que aparezcan en webs de terceros.<\/li>\n<li><strong> Ley aplicable y jurisdicci\u00f3n<br \/>\n<\/strong>10.1 El presente Aviso Legal se rige por la Legislaci\u00f3n espa\u00f1ola.<br \/>\n10.2 Para solucionar cualquier controversia derivada del acceso a la WEB o del uso de sus CONTENIDOS, Joan Francesc Garcia Juan y el USUARIO se someter\u00e1n a los Juzgados y Tribunales de la ciudad de Barcelona.<\/li>\n<\/ol>\n<p style=\"text-align: right;\">Joan Francesc Garcia Juan<\/p>\n<p>[\/vc_column_text][\/vc_column][\/vc_row]<\/p>\n<\/div>","protected":false},"excerpt":{"rendered":"<p>[vc_row][vc_column width=&#8221;1\/2&#8243;][vc_column_text]Pol\u00edtica de cookies De acuerdo con la normativa vigente, facilitamos a los Usuarios la informaci\u00f3n relativa a las cookies que utilizamos y el motivo de su uso en el sitio web www.barcelona365.es (en adelante referido como BARCELONA365), as\u00ed como solicitamos el consentimiento para poder utilizarlas. BARCELONA365, al igual que la mayor\u00eda de los sitios [&hellip;]<\/p>\n","protected":false},"author":1,"featured_media":0,"parent":0,"menu_order":0,"comment_status":"closed","ping_status":"closed","template":"","meta":{"footnotes":""},"aioseo_notices":[],"_links":{"self":[{"href":"https:\/\/barcelona365.info\/ca\/wp-json\/wp\/v2\/pages\/3611"}],"collection":[{"href":"https:\/\/barcelona365.info\/ca\/wp-json\/wp\/v2\/pages"}],"about":[{"href":"https:\/\/barcelona365.info\/ca\/wp-json\/wp\/v2\/types\/page"}],"author":[{"embeddable":true,"href":"https:\/\/barcelona365.info\/ca\/wp-json\/wp\/v2\/users\/1"}],"replies":[{"embeddable":true,"href":"https:\/\/barcelona365.info\/ca\/wp-json\/wp\/v2\/comments?post=3611"}],"version-history":[{"count":0,"href":"https:\/\/barcelona365.info\/ca\/wp-json\/wp\/v2\/pages\/3611\/revisions"}],"wp:attachment":[{"href":"https:\/\/barcelona365.info\/ca\/wp-json\/wp\/v2\/media?parent=3611"}],"curies":[{"name":"wp","href":"https:\/\/api.w.org\/{rel}","templated":true}]}}