{"id":3614,"date":"2017-05-01T09:54:07","date_gmt":"2017-05-01T09:54:07","guid":{"rendered":"https:\/\/xn--diseopaginaswebenvalencia-coc.com\/barcelona\/terms-and-conditions\/?lang=ca"},"modified":"2017-11-24T10:46:55","modified_gmt":"2017-11-24T10:46:55","slug":"barcelona-guia-turistic-privat-tour-ruta-politica-cancel%c2%b7lacio-condicions","status":"publish","type":"page","link":"https:\/\/barcelona365.info\/ca\/barcelona-guia-turistic-privat-tour-ruta-politica-cancel%c2%b7lacio-condicions\/","title":{"rendered":"POL\u00cdTICA DE CANCEL\u00b7LACI\u00d3 I CONDICIONS"},"content":{"rendered":"<div class=\"wpb-content-wrapper\"><p>[vc_row][vc_column][vc_column_text]<strong><u>Pol\u00edtica de cancel\u00b7laci\u00f3<\/u><\/strong><strong><u><br \/>\n<\/u><\/strong>Si cancel\u00b7les el tour <strong>fins 48 hores abans<\/strong> de comen\u00e7ar el servei, el <strong>pagament a compte<\/strong> menys les costes de transaccions bancaries i compres (tals com entrades, vehicles&#8230;) seran <strong>reemborsats<\/strong>. Si la cancel\u00b7laci\u00f3 es fa <strong>dins de les 48 hores abans<\/strong> de comen\u00e7ar el tour, es considerar\u00e0 com a \u201cno presentat\u201d i <strong>no hi haur\u00e0 cap reemborsament<\/strong>.<br \/>\nSi jo, Francesc Garcia com Barcelona365 i prove\u00efdor del servei, hagu\u00e9s de cancel\u00b7lar el servei <strong>per For\u00e7a Major<\/strong>, tal com condicions meteorol\u00f2giques, que fes impossible la correcta realitzaci\u00f3 de servei, nosaltres contactarem el client i, <strong>o b\u00e9 reemborsar\u00e9 el pagament a compte<\/strong> efectuat (menys les costes de transaccions bancaries no recuperables), <strong>o b\u00e9 podr\u00e0s fer una nova reserva per un altre dia, sense cap cost addicional<\/strong>.<\/p>\n<p><u>El client \u00e9s responsable<\/u> d\u2019arribar puntual al comen\u00e7ament del tour. El retr\u00e0s per part del client no far\u00e0 que el tour acabi m\u00e9s tard, i <strong>si el retr\u00e0s supera els 30 minuts sense haver informat al guia, es considerar\u00e0 \u201cno presentat\u201d i no hi haur\u00e0 reemborsament<\/strong>.<\/p>\n<p><strong><u>Per Creueristes<br \/>\n<\/u><\/strong>Les condicions anteriors tamb\u00e9 s\u00f3n aplicables als clients de creuers, per\u00f2 a m\u00e9s a m\u00e9s teniu el dret de:<br \/>\nSi el Creuer <strong>no pot parar a Barcelona<\/strong>, degut al mal temps o a raons de la Naviliera, el <strong>pagament a compte<\/strong> menys les costes de transaccions bancaries i compres (tals com entrades, vehicles&#8230;) seran <strong>reemborsats<\/strong>. El client t\u00e9 la responsabilitat de comunicar aquesta nova circumst\u00e0ncia tant d\u2019hora com sigui informat (el retr\u00e0s en aix\u00f2 podria ser causa de no reembors).<br \/>\nSi, degut a <strong>canvis d\u2019horari<\/strong> d\u2019\u00faltima hora <strong>en l\u2019arribada del vaixell<\/strong> no podem comen\u00e7ar el tour a l\u2019hora prevista, comen\u00e7arem quant sigui possible y si no \u00e9s possible la realitzaci\u00f3 del tour, el <strong>pagament a compte<\/strong> menys les costes de transaccions bancaries i compres (tals com entrades, vehicles&#8230;) seran <strong>reemborsats<\/strong>. Com he mencionat abans, el client t\u00e9 la responsabilitat de comunicar aquesta nova aquesta nova circumst\u00e0ncia tant d\u2019hora com sigui informat (el retr\u00e0s en aix\u00f2 podria ser causa de no reembors).<\/p>\n<p>Ser\u00e0 necessari <strong>demanar un document a la naviliera<\/strong> que justifiqui el canvi d\u2019horari, degut a que alguns monuments el sol\u00b7liciten per oferir una nova entrada o per reemborsar aquesta.[\/vc_column_text]<div class=\"grve-element grve-gallery grve-isotope grve-gallery-popup\" style=\"\" data-gutter=\"yes\" data-type=\"4-columns\" data-layout=\"fitRows\"><div class=\"grve-isotope-container\"><div class=\"grve-isotope-item \"><a href=\"https:\/\/barcelona365.info\/wp-content\/uploads\/2016\/02\/Mercedes-Minivan-Creuer-1-1.jpg\"><figure class=\"grve-image-hover grve-zoom-in\"><div class=\"grve-media grve-dark-overlay grve-opacity-80\"><img loading=\"lazy\" decoding=\"async\" width=\"163\" height=\"163\" src=\"https:\/\/barcelona365.info\/wp-content\/uploads\/2016\/02\/Mercedes-Minivan-Creuer-1-1.jpg\" class=\"attachment-grve-image-small-square size-grve-image-small-square\" alt=\"\" srcset=\"https:\/\/barcelona365.info\/wp-content\/uploads\/2016\/02\/Mercedes-Minivan-Creuer-1-1.jpg 163w, https:\/\/barcelona365.info\/wp-content\/uploads\/2016\/02\/Mercedes-Minivan-Creuer-1-1-150x150.jpg 150w, https:\/\/barcelona365.info\/wp-content\/uploads\/2016\/02\/Mercedes-Minivan-Creuer-1-1-80x80.jpg 80w, https:\/\/barcelona365.info\/wp-content\/uploads\/2016\/02\/Mercedes-Minivan-Creuer-1-1-100x100.jpg 100w\" sizes=\"(max-width: 163px) 100vw, 163px\" \/><\/div><figcaption><h6 class=\"grve-title grve-dark\">Cruise Ship Terminal \/ Chauffeured Vehicle<\/h6><\/figcaption><\/figure><\/a><\/div><div class=\"grve-isotope-item \"><a href=\"https:\/\/barcelona365.info\/wp-content\/uploads\/2016\/02\/satisfaccion.jpg\"><figure class=\"grve-image-hover grve-zoom-in\"><div class=\"grve-media grve-dark-overlay grve-opacity-80\"><img loading=\"lazy\" decoding=\"async\" width=\"224\" height=\"224\" src=\"https:\/\/barcelona365.info\/wp-content\/uploads\/2016\/02\/satisfaccion.jpg\" class=\"attachment-grve-image-small-square size-grve-image-small-square\" alt=\"\" srcset=\"https:\/\/barcelona365.info\/wp-content\/uploads\/2016\/02\/satisfaccion.jpg 224w, https:\/\/barcelona365.info\/wp-content\/uploads\/2016\/02\/satisfaccion-150x150.jpg 150w, https:\/\/barcelona365.info\/wp-content\/uploads\/2016\/02\/satisfaccion-80x80.jpg 80w, https:\/\/barcelona365.info\/wp-content\/uploads\/2016\/02\/satisfaccion-100x100.jpg 100w\" sizes=\"(max-width: 224px) 100vw, 224px\" \/><\/div><figcaption><h6 class=\"grve-title grve-dark\">Satisfaction<\/h6><\/figcaption><\/figure><\/a><\/div><div class=\"grve-isotope-item \"><a href=\"https:\/\/barcelona365.info\/wp-content\/uploads\/2016\/02\/G_calidad.jpg\"><figure class=\"grve-image-hover grve-zoom-in\"><div class=\"grve-media grve-dark-overlay grve-opacity-80\"><img loading=\"lazy\" decoding=\"async\" width=\"233\" height=\"233\" src=\"https:\/\/barcelona365.info\/wp-content\/uploads\/2016\/02\/G_calidad.jpg\" class=\"attachment-grve-image-small-square size-grve-image-small-square\" alt=\"\" srcset=\"https:\/\/barcelona365.info\/wp-content\/uploads\/2016\/02\/G_calidad.jpg 233w, https:\/\/barcelona365.info\/wp-content\/uploads\/2016\/02\/G_calidad-150x150.jpg 150w, https:\/\/barcelona365.info\/wp-content\/uploads\/2016\/02\/G_calidad-80x80.jpg 80w, https:\/\/barcelona365.info\/wp-content\/uploads\/2016\/02\/G_calidad-100x100.jpg 100w\" sizes=\"(max-width: 233px) 100vw, 233px\" \/><\/div><figcaption><h6 class=\"grve-title grve-dark\">Satisfaction<\/h6><\/figcaption><\/figure><\/a><\/div><div class=\"grve-isotope-item \"><a href=\"https:\/\/barcelona365.info\/wp-content\/uploads\/2016\/02\/35-2014-03-07-agreements90-1.jpg\"><figure class=\"grve-image-hover grve-zoom-in\"><div class=\"grve-media grve-dark-overlay grve-opacity-80\"><img loading=\"lazy\" decoding=\"async\" width=\"355\" height=\"355\" src=\"https:\/\/barcelona365.info\/wp-content\/uploads\/2016\/02\/35-2014-03-07-agreements90-1.jpg\" class=\"attachment-grve-image-small-square size-grve-image-small-square\" alt=\"\" srcset=\"https:\/\/barcelona365.info\/wp-content\/uploads\/2016\/02\/35-2014-03-07-agreements90-1.jpg 355w, https:\/\/barcelona365.info\/wp-content\/uploads\/2016\/02\/35-2014-03-07-agreements90-1-300x300.jpg 300w, https:\/\/barcelona365.info\/wp-content\/uploads\/2016\/02\/35-2014-03-07-agreements90-1-150x150.jpg 150w, https:\/\/barcelona365.info\/wp-content\/uploads\/2016\/02\/35-2014-03-07-agreements90-1-80x80.jpg 80w, https:\/\/barcelona365.info\/wp-content\/uploads\/2016\/02\/35-2014-03-07-agreements90-1-100x100.jpg 100w\" sizes=\"(max-width: 355px) 100vw, 355px\" \/><\/div><figcaption><h6 class=\"grve-title grve-dark\">Satisfaction<\/h6><\/figcaption><\/figure><\/a><\/div><\/div><\/div>[\/vc_column][\/vc_row]<\/p>\n<\/div>","protected":false},"excerpt":{"rendered":"<p>[vc_row][vc_column][vc_column_text]Pol\u00edtica de cancel\u00b7laci\u00f3 Si cancel\u00b7les el tour fins 48 hores abans de comen\u00e7ar el servei, el pagament a compte menys les costes de transaccions bancaries i compres (tals com entrades, vehicles&#8230;) seran reemborsats. Si la cancel\u00b7laci\u00f3 es fa dins de les 48 hores abans de comen\u00e7ar el tour, es considerar\u00e0 com a \u201cno presentat\u201d i [&hellip;]<\/p>\n","protected":false},"author":1,"featured_media":0,"parent":0,"menu_order":0,"comment_status":"closed","ping_status":"closed","template":"","meta":{"footnotes":""},"aioseo_notices":[],"_links":{"self":[{"href":"https:\/\/barcelona365.info\/ca\/wp-json\/wp\/v2\/pages\/3614"}],"collection":[{"href":"https:\/\/barcelona365.info\/ca\/wp-json\/wp\/v2\/pages"}],"about":[{"href":"https:\/\/barcelona365.info\/ca\/wp-json\/wp\/v2\/types\/page"}],"author":[{"embeddable":true,"href":"https:\/\/barcelona365.info\/ca\/wp-json\/wp\/v2\/users\/1"}],"replies":[{"embeddable":true,"href":"https:\/\/barcelona365.info\/ca\/wp-json\/wp\/v2\/comments?post=3614"}],"version-history":[{"count":0,"href":"https:\/\/barcelona365.info\/ca\/wp-json\/wp\/v2\/pages\/3614\/revisions"}],"wp:attachment":[{"href":"https:\/\/barcelona365.info\/ca\/wp-json\/wp\/v2\/media?parent=3614"}],"curies":[{"name":"wp","href":"https:\/\/api.w.org\/{rel}","templated":true}]}}