{"id":3617,"date":"2017-10-01T15:55:07","date_gmt":"2017-10-01T15:55:07","guid":{"rendered":"https:\/\/xn--diseopaginaswebenvalencia-coc.com\/barcelona\/tours\/?lang=ca"},"modified":"2017-11-24T11:53:41","modified_gmt":"2017-11-24T11:53:41","slug":"barcelona-guia-turistic-privat-ruta-tours","status":"publish","type":"page","link":"https:\/\/barcelona365.info\/ca\/barcelona-guia-turistic-privat-ruta-tours\/","title":{"rendered":"TOURS (PER IMATGES)"},"content":{"rendered":"<div class=\"wpb-content-wrapper\"><p>[vc_row section_type=&#8221;fullwidth-element&#8221; header_feature=&#8221;yes&#8221; padding_top=&#8221;30px&#8221;][vc_column]\t\t\t<div class=\"grve-element grve-portfolio grve-isotope\" style=\"\" data-gutter=\"yes\" data-spinner=\"no\" data-type=\"4-columns\" data-layout=\"masonry\">\r\n\t\t\t\t\t\t<div class=\"grve-filter grve-align-center\">\r\n\t\t\t\t\t<ul>\r\n\t\t\t\t\t\t<li data-filter=\"*\" class=\"selected\">All<\/li><li data-filter=\".portfolio_category-a-barcelona-ciutat-tour-guia-privat-ca\">Ciutat<\/li><li data-filter=\".portfolio_category-b-barcelona-fora-ciutat-tour-guia-privat-ca\">Fora Ciutat<\/li><li data-filter=\".portfolio_category-d-barcelona-tour-guia-privat-religios-ca\">Patrimoni Religi\u00f3s<\/li><li data-filter=\".portfolio_category-e-barcelona-amb-nens-tour-guia-privat-ca\">Fam\u00edlia amb nens<\/li><li data-filter=\".portfolio_category-h-barcelona-tour-guia-private-creuer-aeroport-ca\">Des del Creuer o Aeroport<\/li>\t\t\t\t\t<\/ul>\r\n\t\t\t\t<\/div>\r\n\t\t\r\n\t\t\t<div class=\"grve-isotope-container\">\r\n\t\t\t\t\t\t\t<article id=\"portfolio-1674-69dfc3daa0efc\" class=\"grve-isotope-item grve-portfolio-item grve-masonry-image post-1674 portfolio type-portfolio status-publish has-post-thumbnail hentry portfolio_category-a-barcelona-ciutat-tour-guia-privat-ca portfolio_category-e-barcelona-amb-nens-tour-guia-privat-ca\">\r\n\t\t\t\t\t\t\t\t\t\t\t\t\t\t\t\t\t\t<a href=\"https:\/\/barcelona365.info\/ca\/portfolio\/guia-turistic-oficial-catalunya-tour-privat-barcelona-ruta-4-hores\/\">\r\n\t\t\t\t\t\t\t\t\t\t\t<figure class=\"grve-hover-style-3 grve-image-hover grve-zoom-in grve-primary-2\">\r\n\t\t\t\t\t\t\t\t<div class=\"grve-media grve-primary-2-overlay grve-opacity-90\">\r\n\t\t\t\t\t\t\t\t\t\t\t\t\t\t\t\t\t\t<span class=\"grve-portfolio-btns\">+ Information<\/span>\r\n\t\t\t\t\t\t\t\t\t\t\t\t\t\t\t\t\t\t<img loading=\"lazy\" decoding=\"async\" width=\"1024\" height=\"1024\" src=\"https:\/\/barcelona365.info\/wp-content\/uploads\/2015\/08\/Barcelona-4h-1024x1024.jpg\" class=\"attachment-large size-large\" alt=\"\" srcset=\"https:\/\/barcelona365.info\/wp-content\/uploads\/2015\/08\/Barcelona-4h-1024x1024.jpg 1024w, https:\/\/barcelona365.info\/wp-content\/uploads\/2015\/08\/Barcelona-4h-300x300.jpg 300w, https:\/\/barcelona365.info\/wp-content\/uploads\/2015\/08\/Barcelona-4h-150x150.jpg 150w, https:\/\/barcelona365.info\/wp-content\/uploads\/2015\/08\/Barcelona-4h-768x768.jpg 768w, https:\/\/barcelona365.info\/wp-content\/uploads\/2015\/08\/Barcelona-4h-1536x1536.jpg 1536w, https:\/\/barcelona365.info\/wp-content\/uploads\/2015\/08\/Barcelona-4h-80x80.jpg 80w, https:\/\/barcelona365.info\/wp-content\/uploads\/2015\/08\/Barcelona-4h-560x560.jpg 560w, https:\/\/barcelona365.info\/wp-content\/uploads\/2015\/08\/Barcelona-4h-1120x1120.jpg 1120w, https:\/\/barcelona365.info\/wp-content\/uploads\/2015\/08\/Barcelona-4h-1920x1920.jpg 1920w, https:\/\/barcelona365.info\/wp-content\/uploads\/2015\/08\/Barcelona-4h-100x100.jpg 100w\" sizes=\"(max-width: 1024px) 100vw, 1024px\" \/>\t\t\t\t\t\t\t\t<\/div>\r\n\t\t\t\t\t\t\t\t\t\t\t\t\t\t\t\t<figcaption>\r\n\t\t\t\t\t\t\t\t\t\t\t\t\t\t\t\t\t\t<h6 class=\"grve-title grve-light\">01. Barcelona en 4 hores (4h)<\/h6>\r\n\t\t\t\t\t\t\t\t\t\t\t\t\t\t\t\t\t\t\t\t\t\t\t\t\t\t<\/figcaption>\r\n\t\t\t\t\t\t\t<\/figure>\r\n\t\t\t\t\t\t\t<\/a>\t\t\t\t\t\t\t\t\t\t\t\t\t\r\n\t\t\t\t\t<\/article>\r\n\t\t\t\t\t<article id=\"portfolio-1677-69dfc3daa13ca\" class=\"grve-isotope-item grve-portfolio-item grve-masonry-image post-1677 portfolio type-portfolio status-publish has-post-thumbnail hentry portfolio_category-a-barcelona-ciutat-tour-guia-privat-ca portfolio_category-h-barcelona-tour-guia-private-creuer-aeroport-ca portfolio_category-e-barcelona-amb-nens-tour-guia-privat-ca\">\r\n\t\t\t\t\t\t\t\t\t\t\t\t\t\t\t\t\t\t<a href=\"https:\/\/barcelona365.info\/ca\/portfolio\/guia-turistic-oficial-catalunya-tour-privat-barcelona-ruta-gaudi-sagrada-familia-park-guell-modernisme\/\">\r\n\t\t\t\t\t\t\t\t\t\t\t<figure class=\"grve-hover-style-3 grve-image-hover grve-zoom-in grve-primary-2\">\r\n\t\t\t\t\t\t\t\t<div class=\"grve-media grve-primary-2-overlay grve-opacity-90\">\r\n\t\t\t\t\t\t\t\t\t\t\t\t\t\t\t\t\t\t<span class=\"grve-portfolio-btns\">+ Information<\/span>\r\n\t\t\t\t\t\t\t\t\t\t\t\t\t\t\t\t\t\t<img loading=\"lazy\" decoding=\"async\" width=\"1024\" height=\"1024\" src=\"https:\/\/barcelona365.info\/wp-content\/uploads\/2016\/03\/IMG_3206-1024x1024.jpeg\" class=\"attachment-large size-large\" alt=\"Gaud\u00ed Sagrada Fam\u00edlia\" srcset=\"https:\/\/barcelona365.info\/wp-content\/uploads\/2016\/03\/IMG_3206-1024x1024.jpeg 1024w, https:\/\/barcelona365.info\/wp-content\/uploads\/2016\/03\/IMG_3206-300x300.jpeg 300w, https:\/\/barcelona365.info\/wp-content\/uploads\/2016\/03\/IMG_3206-150x150.jpeg 150w, https:\/\/barcelona365.info\/wp-content\/uploads\/2016\/03\/IMG_3206-768x768.jpeg 768w, https:\/\/barcelona365.info\/wp-content\/uploads\/2016\/03\/IMG_3206-1536x1536.jpeg 1536w, https:\/\/barcelona365.info\/wp-content\/uploads\/2016\/03\/IMG_3206-640x640.jpeg 640w, https:\/\/barcelona365.info\/wp-content\/uploads\/2016\/03\/IMG_3206-80x80.jpeg 80w, https:\/\/barcelona365.info\/wp-content\/uploads\/2016\/03\/IMG_3206-560x560.jpeg 560w, https:\/\/barcelona365.info\/wp-content\/uploads\/2016\/03\/IMG_3206-1120x1120.jpeg 1120w, https:\/\/barcelona365.info\/wp-content\/uploads\/2016\/03\/IMG_3206-100x100.jpeg 100w, https:\/\/barcelona365.info\/wp-content\/uploads\/2016\/03\/IMG_3206.jpeg 1600w\" sizes=\"(max-width: 1024px) 100vw, 1024px\" \/>\t\t\t\t\t\t\t\t<\/div>\r\n\t\t\t\t\t\t\t\t\t\t\t\t\t\t\t\t<figcaption>\r\n\t\t\t\t\t\t\t\t\t\t\t\t\t\t\t\t\t\t<h6 class=\"grve-title grve-light\">03. Gaud\u00ed: Sagrada Familia, Park G\u00fcell i m\u00e9s (4h)<\/h6>\r\n\t\t\t\t\t\t\t\t\t\t\t\t\t\t\t\t\t\t\t\t\t\t\t\t\t\t<\/figcaption>\r\n\t\t\t\t\t\t\t<\/figure>\r\n\t\t\t\t\t\t\t<\/a>\t\t\t\t\t\t\t\t\t\t\t\t\t\r\n\t\t\t\t\t<\/article>\r\n\t\t\t\t\t<article id=\"portfolio-1675-69dfc3daae531\" class=\"grve-isotope-item grve-portfolio-item grve-masonry-image post-1675 portfolio type-portfolio status-publish has-post-thumbnail hentry portfolio_category-a-barcelona-ciutat-tour-guia-privat-ca portfolio_category-e-barcelona-amb-nens-tour-guia-privat-ca\">\r\n\t\t\t\t\t\t\t\t\t\t\t\t\t\t\t\t\t\t<a href=\"https:\/\/barcelona365.info\/ca\/portfolio\/guia-turistic-oficial-catalunya-tour-privat-barcelona-ruta-barri-gotic-historia\/\">\r\n\t\t\t\t\t\t\t\t\t\t\t<figure class=\"grve-hover-style-3 grve-image-hover grve-zoom-in grve-primary-2\">\r\n\t\t\t\t\t\t\t\t<div class=\"grve-media grve-primary-2-overlay grve-opacity-90\">\r\n\t\t\t\t\t\t\t\t\t\t\t\t\t\t\t\t\t\t<span class=\"grve-portfolio-btns\">+ Information<\/span>\r\n\t\t\t\t\t\t\t\t\t\t\t\t\t\t\t\t\t\t<img loading=\"lazy\" decoding=\"async\" width=\"1024\" height=\"1024\" src=\"https:\/\/barcelona365.info\/wp-content\/uploads\/2015\/08\/Gothic-1024x1024.jpg\" class=\"attachment-large size-large\" alt=\"\" srcset=\"https:\/\/barcelona365.info\/wp-content\/uploads\/2015\/08\/Gothic-1024x1024.jpg 1024w, https:\/\/barcelona365.info\/wp-content\/uploads\/2015\/08\/Gothic-300x300.jpg 300w, https:\/\/barcelona365.info\/wp-content\/uploads\/2015\/08\/Gothic-150x150.jpg 150w, https:\/\/barcelona365.info\/wp-content\/uploads\/2015\/08\/Gothic-768x768.jpg 768w, https:\/\/barcelona365.info\/wp-content\/uploads\/2015\/08\/Gothic-80x80.jpg 80w, https:\/\/barcelona365.info\/wp-content\/uploads\/2015\/08\/Gothic-560x560.jpg 560w, https:\/\/barcelona365.info\/wp-content\/uploads\/2015\/08\/Gothic-1120x1120.jpg 1120w, https:\/\/barcelona365.info\/wp-content\/uploads\/2015\/08\/Gothic-100x100.jpg 100w, https:\/\/barcelona365.info\/wp-content\/uploads\/2015\/08\/Gothic.jpg 1313w\" sizes=\"(max-width: 1024px) 100vw, 1024px\" \/>\t\t\t\t\t\t\t\t<\/div>\r\n\t\t\t\t\t\t\t\t\t\t\t\t\t\t\t\t<figcaption>\r\n\t\t\t\t\t\t\t\t\t\t\t\t\t\t\t\t\t\t<h6 class=\"grve-title grve-light\">04. Barri G\u00f2tic, els origens de Barcelona (4h)<\/h6>\r\n\t\t\t\t\t\t\t\t\t\t\t\t\t\t\t\t\t\t\t\t\t\t\t\t\t\t<\/figcaption>\r\n\t\t\t\t\t\t\t<\/figure>\r\n\t\t\t\t\t\t\t<\/a>\t\t\t\t\t\t\t\t\t\t\t\t\t\r\n\t\t\t\t\t<\/article>\r\n\t\t\t\t\t<article id=\"portfolio-1678-69dfc3daaed3b\" class=\"grve-isotope-item grve-portfolio-item grve-masonry-image post-1678 portfolio type-portfolio status-publish has-post-thumbnail hentry portfolio_category-a-barcelona-ciutat-tour-guia-privat-ca\">\r\n\t\t\t\t\t\t\t\t\t\t\t\t\t\t\t\t\t\t<a href=\"https:\/\/barcelona365.info\/ca\/portfolio\/guia-turistic-oficial-catalunya-tour-privat-barcelona-ruta-poblenou-horta\/\">\r\n\t\t\t\t\t\t\t\t\t\t\t<figure class=\"grve-hover-style-3 grve-image-hover grve-zoom-in grve-primary-2\">\r\n\t\t\t\t\t\t\t\t<div class=\"grve-media grve-primary-2-overlay grve-opacity-90\">\r\n\t\t\t\t\t\t\t\t\t\t\t\t\t\t\t\t\t\t<span class=\"grve-portfolio-btns\">+ Information<\/span>\r\n\t\t\t\t\t\t\t\t\t\t\t\t\t\t\t\t\t\t<img loading=\"lazy\" decoding=\"async\" width=\"775\" height=\"775\" src=\"https:\/\/barcelona365.info\/wp-content\/uploads\/2015\/08\/Horta.jpg\" class=\"attachment-large size-large\" alt=\"\" srcset=\"https:\/\/barcelona365.info\/wp-content\/uploads\/2015\/08\/Horta.jpg 775w, https:\/\/barcelona365.info\/wp-content\/uploads\/2015\/08\/Horta-300x300.jpg 300w, https:\/\/barcelona365.info\/wp-content\/uploads\/2015\/08\/Horta-150x150.jpg 150w, https:\/\/barcelona365.info\/wp-content\/uploads\/2015\/08\/Horta-768x768.jpg 768w, https:\/\/barcelona365.info\/wp-content\/uploads\/2015\/08\/Horta-80x80.jpg 80w, https:\/\/barcelona365.info\/wp-content\/uploads\/2015\/08\/Horta-560x560.jpg 560w, https:\/\/barcelona365.info\/wp-content\/uploads\/2015\/08\/Horta-100x100.jpg 100w\" sizes=\"(max-width: 775px) 100vw, 775px\" \/>\t\t\t\t\t\t\t\t<\/div>\r\n\t\t\t\t\t\t\t\t\t\t\t\t\t\t\t\t<figcaption>\r\n\t\t\t\t\t\t\t\t\t\t\t\t\t\t\t\t\t\t<h6 class=\"grve-title grve-light\">08. Barri d&#8217;Horta (4H)<\/h6>\r\n\t\t\t\t\t\t\t\t\t\t\t\t\t\t\t\t\t\t\t\t\t\t\t\t\t\t<\/figcaption>\r\n\t\t\t\t\t\t\t<\/figure>\r\n\t\t\t\t\t\t\t<\/a>\t\t\t\t\t\t\t\t\t\t\t\t\t\r\n\t\t\t\t\t<\/article>\r\n\t\t\t\t\t<article id=\"portfolio-1676-69dfc3daaf33d\" class=\"grve-isotope-item grve-portfolio-item grve-masonry-image post-1676 portfolio type-portfolio status-publish has-post-thumbnail hentry portfolio_category-a-barcelona-ciutat-tour-guia-privat-ca portfolio_category-d-barcelona-tour-guia-privat-religios-ca\">\r\n\t\t\t\t\t\t\t\t\t\t\t\t\t\t\t\t\t\t<a href=\"https:\/\/barcelona365.info\/ca\/portfolio\/guia-turistic-oficial-catalunya-tour-privat-barcelona-ruta-jueus-antiga-sinagoga-major\/\">\r\n\t\t\t\t\t\t\t\t\t\t\t<figure class=\"grve-hover-style-3 grve-image-hover grve-zoom-in grve-primary-2\">\r\n\t\t\t\t\t\t\t\t<div class=\"grve-media grve-primary-2-overlay grve-opacity-90\">\r\n\t\t\t\t\t\t\t\t\t\t\t\t\t\t\t\t\t\t<span class=\"grve-portfolio-btns\">+ Information<\/span>\r\n\t\t\t\t\t\t\t\t\t\t\t\t\t\t\t\t\t\t<img loading=\"lazy\" decoding=\"async\" width=\"499\" height=\"499\" src=\"https:\/\/barcelona365.info\/wp-content\/uploads\/2015\/08\/Jewish-Heritage.jpg\" class=\"attachment-large size-large\" alt=\"\" srcset=\"https:\/\/barcelona365.info\/wp-content\/uploads\/2015\/08\/Jewish-Heritage.jpg 499w, https:\/\/barcelona365.info\/wp-content\/uploads\/2015\/08\/Jewish-Heritage-300x300.jpg 300w, https:\/\/barcelona365.info\/wp-content\/uploads\/2015\/08\/Jewish-Heritage-150x150.jpg 150w, https:\/\/barcelona365.info\/wp-content\/uploads\/2015\/08\/Jewish-Heritage-80x80.jpg 80w, https:\/\/barcelona365.info\/wp-content\/uploads\/2015\/08\/Jewish-Heritage-100x100.jpg 100w\" sizes=\"(max-width: 499px) 100vw, 499px\" \/>\t\t\t\t\t\t\t\t<\/div>\r\n\t\t\t\t\t\t\t\t\t\t\t\t\t\t\t\t<figcaption>\r\n\t\t\t\t\t\t\t\t\t\t\t\t\t\t\t\t\t\t<h6 class=\"grve-title grve-light\">07. Els jueus a Barcelona i l&#8217;antiga Sinagoga Major (3H)<\/h6>\r\n\t\t\t\t\t\t\t\t\t\t\t\t\t\t\t\t\t\t\t\t\t\t\t\t\t\t<\/figcaption>\r\n\t\t\t\t\t\t\t<\/figure>\r\n\t\t\t\t\t\t\t<\/a>\t\t\t\t\t\t\t\t\t\t\t\t\t\r\n\t\t\t\t\t<\/article>\r\n\t\t\t\t\t<article id=\"portfolio-1679-69dfc3daaf70d\" class=\"grve-isotope-item grve-portfolio-item grve-masonry-image post-1679 portfolio type-portfolio status-publish has-post-thumbnail hentry portfolio_category-a-barcelona-ciutat-tour-guia-privat-ca portfolio_category-e-barcelona-amb-nens-tour-guia-privat-ca\">\r\n\t\t\t\t\t\t\t\t\t\t\t\t\t\t\t\t\t\t<a href=\"https:\/\/barcelona365.info\/ca\/portfolio\/guia-turistic-oficial-catalunya-tour-privat-barcelona-ruta-picasso\/\">\r\n\t\t\t\t\t\t\t\t\t\t\t<figure class=\"grve-hover-style-3 grve-image-hover grve-zoom-in grve-primary-2\">\r\n\t\t\t\t\t\t\t\t<div class=\"grve-media grve-primary-2-overlay grve-opacity-90\">\r\n\t\t\t\t\t\t\t\t\t\t\t\t\t\t\t\t\t\t<span class=\"grve-portfolio-btns\">+ Information<\/span>\r\n\t\t\t\t\t\t\t\t\t\t\t\t\t\t\t\t\t\t<img loading=\"lazy\" decoding=\"async\" width=\"937\" height=\"937\" src=\"https:\/\/barcelona365.info\/wp-content\/uploads\/2015\/08\/Picasso.jpg\" class=\"attachment-large size-large\" alt=\"\" srcset=\"https:\/\/barcelona365.info\/wp-content\/uploads\/2015\/08\/Picasso.jpg 937w, https:\/\/barcelona365.info\/wp-content\/uploads\/2015\/08\/Picasso-300x300.jpg 300w, https:\/\/barcelona365.info\/wp-content\/uploads\/2015\/08\/Picasso-150x150.jpg 150w, https:\/\/barcelona365.info\/wp-content\/uploads\/2015\/08\/Picasso-768x768.jpg 768w, https:\/\/barcelona365.info\/wp-content\/uploads\/2015\/08\/Picasso-80x80.jpg 80w, https:\/\/barcelona365.info\/wp-content\/uploads\/2015\/08\/Picasso-560x560.jpg 560w, https:\/\/barcelona365.info\/wp-content\/uploads\/2015\/08\/Picasso-100x100.jpg 100w\" sizes=\"(max-width: 937px) 100vw, 937px\" \/>\t\t\t\t\t\t\t\t<\/div>\r\n\t\t\t\t\t\t\t\t\t\t\t\t\t\t\t\t<figcaption>\r\n\t\t\t\t\t\t\t\t\t\t\t\t\t\t\t\t\t\t<h6 class=\"grve-title grve-light\">09. La Barcelona de Picasso (4h)<\/h6>\r\n\t\t\t\t\t\t\t\t\t\t\t\t\t\t\t\t\t\t\t\t\t\t\t\t\t\t<\/figcaption>\r\n\t\t\t\t\t\t\t<\/figure>\r\n\t\t\t\t\t\t\t<\/a>\t\t\t\t\t\t\t\t\t\t\t\t\t\r\n\t\t\t\t\t<\/article>\r\n\t\t\t\t\t<article id=\"portfolio-1680-69dfc3daafaab\" class=\"grve-isotope-item grve-portfolio-item grve-masonry-image post-1680 portfolio type-portfolio status-publish has-post-thumbnail hentry portfolio_category-e-barcelona-amb-nens-tour-guia-privat-ca portfolio_category-b-barcelona-fora-ciutat-tour-guia-privat-ca portfolio_category-d-barcelona-tour-guia-privat-religios-ca\">\r\n\t\t\t\t\t\t\t\t\t\t\t\t\t\t\t\t\t\t<a href=\"https:\/\/barcelona365.info\/ca\/portfolio\/guia-turistic-oficial-catalunya-tour-privat-barcelona-ruta-montserrat\/\">\r\n\t\t\t\t\t\t\t\t\t\t\t<figure class=\"grve-hover-style-3 grve-image-hover grve-zoom-in grve-primary-2\">\r\n\t\t\t\t\t\t\t\t<div class=\"grve-media grve-primary-2-overlay grve-opacity-90\">\r\n\t\t\t\t\t\t\t\t\t\t\t\t\t\t\t\t\t\t<span class=\"grve-portfolio-btns\">+ Information<\/span>\r\n\t\t\t\t\t\t\t\t\t\t\t\t\t\t\t\t\t\t<img loading=\"lazy\" decoding=\"async\" width=\"1024\" height=\"1024\" src=\"https:\/\/barcelona365.info\/wp-content\/uploads\/2015\/08\/Montserrat-1-1024x1024.jpg\" class=\"attachment-large size-large\" alt=\"\" srcset=\"https:\/\/barcelona365.info\/wp-content\/uploads\/2015\/08\/Montserrat-1-1024x1024.jpg 1024w, https:\/\/barcelona365.info\/wp-content\/uploads\/2015\/08\/Montserrat-1-300x300.jpg 300w, https:\/\/barcelona365.info\/wp-content\/uploads\/2015\/08\/Montserrat-1-150x150.jpg 150w, https:\/\/barcelona365.info\/wp-content\/uploads\/2015\/08\/Montserrat-1-768x768.jpg 768w, https:\/\/barcelona365.info\/wp-content\/uploads\/2015\/08\/Montserrat-1-1536x1536.jpg 1536w, https:\/\/barcelona365.info\/wp-content\/uploads\/2015\/08\/Montserrat-1-80x80.jpg 80w, https:\/\/barcelona365.info\/wp-content\/uploads\/2015\/08\/Montserrat-1-560x560.jpg 560w, https:\/\/barcelona365.info\/wp-content\/uploads\/2015\/08\/Montserrat-1-1120x1120.jpg 1120w, https:\/\/barcelona365.info\/wp-content\/uploads\/2015\/08\/Montserrat-1-1920x1920.jpg 1920w, https:\/\/barcelona365.info\/wp-content\/uploads\/2015\/08\/Montserrat-1-100x100.jpg 100w\" sizes=\"(max-width: 1024px) 100vw, 1024px\" \/>\t\t\t\t\t\t\t\t<\/div>\r\n\t\t\t\t\t\t\t\t\t\t\t\t\t\t\t\t<figcaption>\r\n\t\t\t\t\t\t\t\t\t\t\t\t\t\t\t\t\t\t<h6 class=\"grve-title grve-light\">Esc01. Montserrat &#8211; santuari, muntanya, sentiment (6 hores)<\/h6>\r\n\t\t\t\t\t\t\t\t\t\t\t\t\t\t\t\t\t\t\t\t\t\t\t\t\t\t<\/figcaption>\r\n\t\t\t\t\t\t\t<\/figure>\r\n\t\t\t\t\t\t\t<\/a>\t\t\t\t\t\t\t\t\t\t\t\t\t\r\n\t\t\t\t\t<\/article>\r\n\t\t\t\t\t<article id=\"portfolio-1681-69dfc3daafe77\" class=\"grve-isotope-item grve-portfolio-item grve-masonry-image post-1681 portfolio type-portfolio status-publish has-post-thumbnail hentry portfolio_category-e-barcelona-amb-nens-tour-guia-privat-ca portfolio_category-b-barcelona-fora-ciutat-tour-guia-privat-ca portfolio_category-d-barcelona-tour-guia-privat-religios-ca\">\r\n\t\t\t\t\t\t\t\t\t\t\t\t\t\t\t\t\t\t<a href=\"https:\/\/barcelona365.info\/ca\/portfolio\/guia-turistic-oficial-catalunya-tour-privat-barcelona-ruta-museu-dali-girona\/\">\r\n\t\t\t\t\t\t\t\t\t\t\t<figure class=\"grve-hover-style-3 grve-image-hover grve-zoom-in grve-primary-2\">\r\n\t\t\t\t\t\t\t\t<div class=\"grve-media grve-primary-2-overlay grve-opacity-90\">\r\n\t\t\t\t\t\t\t\t\t\t\t\t\t\t\t\t\t\t<span class=\"grve-portfolio-btns\">+ Information<\/span>\r\n\t\t\t\t\t\t\t\t\t\t\t\t\t\t\t\t\t\t<img loading=\"lazy\" decoding=\"async\" width=\"352\" height=\"352\" src=\"https:\/\/barcelona365.info\/wp-content\/uploads\/2017\/10\/Dal\u00ed-museu.jpg\" class=\"attachment-large size-large\" alt=\"\" srcset=\"https:\/\/barcelona365.info\/wp-content\/uploads\/2017\/10\/Dal\u00ed-museu.jpg 352w, https:\/\/barcelona365.info\/wp-content\/uploads\/2017\/10\/Dal\u00ed-museu-300x300.jpg 300w, https:\/\/barcelona365.info\/wp-content\/uploads\/2017\/10\/Dal\u00ed-museu-150x150.jpg 150w, https:\/\/barcelona365.info\/wp-content\/uploads\/2017\/10\/Dal\u00ed-museu-80x80.jpg 80w, https:\/\/barcelona365.info\/wp-content\/uploads\/2017\/10\/Dal\u00ed-museu-100x100.jpg 100w\" sizes=\"(max-width: 352px) 100vw, 352px\" \/>\t\t\t\t\t\t\t\t<\/div>\r\n\t\t\t\t\t\t\t\t\t\t\t\t\t\t\t\t<figcaption>\r\n\t\t\t\t\t\t\t\t\t\t\t\t\t\t\t\t\t\t<h6 class=\"grve-title grve-light\">Esc03. Museu Dal\u00ed i Girona (9h \u2013 desde Barcelona)<\/h6>\r\n\t\t\t\t\t\t\t\t\t\t\t\t\t\t\t\t\t\t\t\t\t\t\t\t\t\t<\/figcaption>\r\n\t\t\t\t\t\t\t<\/figure>\r\n\t\t\t\t\t\t\t<\/a>\t\t\t\t\t\t\t\t\t\t\t\t\t\r\n\t\t\t\t\t<\/article>\r\n\t\t\t\t<\/div>\r\n\t\t\t<\/div>\r\n\r\n\t\t[\/vc_column][\/vc_row]<\/p>\n<\/div>","protected":false},"excerpt":{"rendered":"<p>[vc_row section_type=&#8221;fullwidth-element&#8221; header_feature=&#8221;yes&#8221; padding_top=&#8221;30px&#8221;][vc_column][\/vc_column][\/vc_row]<\/p>\n","protected":false},"author":1,"featured_media":0,"parent":0,"menu_order":0,"comment_status":"open","ping_status":"closed","template":"","meta":{"footnotes":""},"aioseo_notices":[],"_links":{"self":[{"href":"https:\/\/barcelona365.info\/ca\/wp-json\/wp\/v2\/pages\/3617"}],"collection":[{"href":"https:\/\/barcelona365.info\/ca\/wp-json\/wp\/v2\/pages"}],"about":[{"href":"https:\/\/barcelona365.info\/ca\/wp-json\/wp\/v2\/types\/page"}],"author":[{"embeddable":true,"href":"https:\/\/barcelona365.info\/ca\/wp-json\/wp\/v2\/users\/1"}],"replies":[{"embeddable":true,"href":"https:\/\/barcelona365.info\/ca\/wp-json\/wp\/v2\/comments?post=3617"}],"version-history":[{"count":0,"href":"https:\/\/barcelona365.info\/ca\/wp-json\/wp\/v2\/pages\/3617\/revisions"}],"wp:attachment":[{"href":"https:\/\/barcelona365.info\/ca\/wp-json\/wp\/v2\/media?parent=3617"}],"curies":[{"name":"wp","href":"https:\/\/api.w.org\/{rel}","templated":true}]}}