{"id":1666,"date":"2017-07-01T15:55:25","date_gmt":"2017-07-01T15:55:25","guid":{"rendered":"https:\/\/xn--diseopaginaswebenvalencia-coc.com\/barcelona\/?page_id=1666&#038;lang=es"},"modified":"2018-09-17T15:24:03","modified_gmt":"2018-09-17T15:24:03","slug":"barcelona-guia-privado-tour-ruta-francesc-garcia","status":"publish","type":"page","link":"https:\/\/barcelona365.info\/es\/barcelona-guia-privado-tour-ruta-francesc-garcia\/","title":{"rendered":"SOBRE MI"},"content":{"rendered":"<div class=\"wpb-content-wrapper\"><p>[vc_row section_type=\u00bbin-container\u00bb][vc_column width=\u00bb1\/2&#8243;][vc_empty_space height=\u00bb80px\u00bb][vc_column_text]<\/p>\n<div id=\"page-header\">\n<div id=\"breadcrumbs\">\n<h3><\/h3>\n<h3>Me llamo Francesc Garcia y soy Gu\u00eda oficial de Catalu\u00f1a (n\u00famero de licencia 2753). Trabajo en el turismo desde hace a\u00f1os acumulando una amplia experiencia como gu\u00eda tur\u00edstico.<\/h3>\n<h3>Ofrezco mis vistas en espa\u00f1ol, catal\u00e1n, ingl\u00e9s e italiano.<\/h3>\n<\/div>\n<\/div>\n<p>[\/vc_column_text][\/vc_column][vc_column width=\u00bb1\/2&#8243;]<div class=\"grve-element grve-video\" style=\"\"><iframe loading=\"lazy\" width=\"1080\" height=\"608\" src=\"https:\/\/www.youtube.com\/embed\/8ljKL8fxfKE?feature=oembed\" frameborder=\"0\" gesture=\"media\" allowfullscreen><\/iframe><\/div>[\/vc_column][\/vc_row][vc_row][vc_column width=\u00bb2\/3&#8243;][vc_column_text]<\/p>\n<div id=\"page-header\">\n<h5><strong>Mi historia:<\/strong><\/h5>\n<p><strong>Nac\u00ed i crec\u00ed en Barcelona<\/strong>. A los 14 a\u00f1os me mud\u00e9 con mi familia a la <strong>Costa Brava<\/strong> (a una hora de Barcelona). M\u00e1s tarde, el amor me llev\u00f3 a <strong>Brescia (Italia)<\/strong>, donde viv\u00ed durante 2 a\u00f1os y medio. Finalmente, el 2001 volv\u00ed a Espa\u00f1a, estableciendome en <strong>Barcelona<\/strong>, donde vivo hoy.<br \/>\nEstudiando la <strong>carrera de ADE (Economia)<\/strong>\u00a0inici\u00e9 a trabajar los veranos en el turismo. Eso despert\u00f3 en mi la pasi\u00f3n por la historia y cultura de Catalu\u00f1a. Con el tiempo he orientado mi profesi\u00f3n hacia el turismo, hasta que el <strong>2010 obtuve la licencia de Gu\u00eda Turistica Oficial de Catalu\u00f1a<\/strong> por la Generalitat de Catalunya.<br \/>\nFu\u00e9 entonces que <strong>fund\u00e9 \u00abBarcelona365\u00bb<\/strong>, el trabajo al que dedico todo mi tiempo y pasi\u00f3n (dicen que si te gusta aquello que haces, no trabajar\u00e1s nunca m\u00e1s. Yo tengo la suerte de poder afirmar que es cierto).<br \/>\nHoy, como peque\u00f1o emprendedor, tengo <strong>mi propia empresa<\/strong> y con exito puedo decir, hasta el punto de haber <strong>escogido un reducido grupo de gu\u00edas oficiales<\/strong> que me dan una mano cuando yo no puedo atender personalmente un viajero (obviamente con la previa aprovaci\u00f3n de este).<\/p>\n<h5><strong>Mi estilo como \u00abgu\u00eda\u00bb:<\/strong><\/h5>\n<p>Mis clientes dicen que pongo una gran <strong>pasi\u00f3n y entusiasmo<\/strong> cuando ense\u00f1o mi ciudad u otros lugares de Catalu\u00f1a. Bien, me meto en su piel y pienso: <strong>un viaje a veces es el resulatdo de bastante tiempo, a veces meses o a\u00f1os, de preparaci\u00f3n<\/strong>. Cuando se viaja se visitan lugares desconocidos, pero se desea <strong>que todo sea perfecto<\/strong>: el vuelo, el hotel y obviamente conocer el lugar.<br \/>\nSe decidis escoger una <strong>guia turistica privada<\/strong>, me doy cuenta que lo haceis porque pensais que es la mejor manera de conocer el lugar. Por tanto mi responsabilidad es enorme <strong>para satisfacer vuestras espectativas<\/strong>. Justo por eso har\u00e9 todo lo que est\u00e9 en mi mano para hacer el vuestro, un viaje perfecto.<\/p>\n<p>Mi intenci\u00f3n es la de <strong>ofrecer<\/strong> no solo <strong>mi conocimiento como gu\u00eda tur\u00edstico<\/strong>, sino tambien <strong>mis experiencias como barcelon\u00e9s y catal\u00e1n haciendos sentir lo m\u00e1s cerca posible de ser uno m\u00e1s en la ciudad<\/strong>.<\/p>\n<p style=\"text-align: center;\">Si aquello que buscais es un tour hecho amedida para vosotros, entonces <strong>dejaros simplemente sorprender<\/strong>!!!!<\/p>\n<p style=\"text-align: left;\">(Lee las <a href=\"https:\/\/barcelona365.info\/es\/barcelona-guia-privado-tour-ruta-opiniones\/\"><strong><span style=\"text-decoration: underline;\">Opiniones<\/span><\/strong><\/a> de otros viajeros)<\/p>\n<\/div>\n<p>[\/vc_column_text][\/vc_column][vc_column width=\u00bb1\/3&#8243;]<div class=\"grve-element grve-image grve-align-center\" style=\"\"><img loading=\"lazy\" decoding=\"async\" width=\"625\" height=\"519\" src=\"https:\/\/barcelona365.info\/wp-content\/uploads\/2015\/02\/Foto-Francesc.jpg\" class=\"attachment-full size-full\" alt=\"\" srcset=\"https:\/\/barcelona365.info\/wp-content\/uploads\/2015\/02\/Foto-Francesc.jpg 625w, https:\/\/barcelona365.info\/wp-content\/uploads\/2015\/02\/Foto-Francesc-300x249.jpg 300w, https:\/\/barcelona365.info\/wp-content\/uploads\/2015\/02\/Foto-Francesc-560x465.jpg 560w\" sizes=\"(max-width: 625px) 100vw, 625px\" \/><\/div>[vc_empty_space]<div class=\"grve-element grve-image grve-align-center\" style=\"\"><img loading=\"lazy\" decoding=\"async\" width=\"506\" height=\"322\" src=\"https:\/\/barcelona365.info\/wp-content\/uploads\/2018\/09\/Carnet-Guia-2023-front.jpg\" class=\"attachment-full size-full\" alt=\"\" srcset=\"https:\/\/barcelona365.info\/wp-content\/uploads\/2018\/09\/Carnet-Guia-2023-front.jpg 506w, https:\/\/barcelona365.info\/wp-content\/uploads\/2018\/09\/Carnet-Guia-2023-front-300x191.jpg 300w\" sizes=\"(max-width: 506px) 100vw, 506px\" \/><\/div>[vc_column_text]<\/p>\n<p style=\"text-align: center;\"><a href=\"mailto:info@barcelona365.es\"><strong><span style=\"color: #000000;\">info@barcelona365.es<\/span><\/strong><\/a><strong>\u00a0 \u00a0<\/strong><strong>+34 629 70 90 77<\/strong><\/p>\n<p>[\/vc_column_text][vc_row_inner][vc_column_inner width=\u00bb1\/4&#8243;][\/vc_column_inner][vc_column_inner width=\u00bb1\/2&#8243;][vc_raw_html]JTNDZGl2JTIwaWQlM0QlMjJUQV9jZXJ0aWZpY2F0ZU9mRXhjZWxsZW5jZTE2MCUyMiUyMGNsYXNzJTNEJTIyVEFfY2VydGlmaWNhdGVPZkV4Y2VsbGVuY2UlMjIlM0UlMEElM0N1bCUyMGlkJTNEJTIyeXN1aExweXZDJTIyJTIwY2xhc3MlM0QlMjJUQV9saW5rcyUyMHhGS290RzJPNEElMjIlM0UlMEElM0NsaSUyMGlkJTNEJTIyTDlwdUJ0cHBrMCUyMiUyMGNsYXNzJTNEJTIyOVdMT1hlJTIyJTNFJTBBJTNDYSUyMHRhcmdldCUzRCUyMl9ibGFuayUyMiUyMGhyZWYlM0QlMjJodHRwcyUzQSUyRiUyRnd3dy50cmlwYWR2aXNvci5lcyUyRkF0dHJhY3Rpb25fUmV2aWV3LWcxODc0OTctZDMyMjM5NjYtUmV2aWV3cy1CYXJjZWxvbmEzNjVfRGF5X1RvdXItQmFyY2Vsb25hX0NhdGFsb25pYS5odG1sJTIyJTNFJTNDaW1nJTIwc3JjJTNEJTIyaHR0cHMlM0ElMkYlMkZ3d3cudHJpcGFkdmlzb3IuZXMlMkZpbWclMkZjZHNpJTJGaW1nMiUyRmF3YXJkcyUyRkNvRTIwMTdfV2lkZ2V0QXNzZXQtMTQzNDgtMi5wbmclMjIlMjBhbHQlM0QlMjJUcmlwQWR2aXNvciUyMiUyMGNsYXNzJTNEJTIyd2lkQ09FSW1nJTIyJTIwaWQlM0QlMjJDRFNXSURDT0VMT0dPJTIyJTJGJTNFJTNDJTJGYSUzRSUwQSUzQyUyRmxpJTNFJTBBJTNDJTJGdWwlM0UlMEElM0MlMkZkaXYlM0UlMEElM0NzY3JpcHQlMjBzcmMlM0QlMjJodHRwcyUzQSUyRiUyRnd3dy5qc2NhY2hlLmNvbSUyRndlanMlM0Z3dHlwZSUzRGNlcnRpZmljYXRlT2ZFeGNlbGxlbmNlJTI2YW1wJTNCdW5pcSUzRDE2MCUyNmFtcCUzQmxvY2F0aW9uSWQlM0QzMjIzOTY2JTI2YW1wJTNCbGFuZyUzRGVzJTI2YW1wJTNCeWVhciUzRDIwMTclMjZhbXAlM0JkaXNwbGF5X3ZlcnNpb24lM0QyJTIyJTNFJTNDJTJGc2NyaXB0JTNF[\/vc_raw_html][\/vc_column_inner][vc_column_inner width=\u00bb1\/4&#8243;][\/vc_column_inner][\/vc_row_inner][\/vc_column][\/vc_row][vc_row][vc_column width=\u00bb1\/4&#8243;][\/vc_column][vc_column width=\u00bb1\/4&#8243;]<div class=\"grve-element grve-align-left\"><a class=\"grve-btn grve-btn-large grve-square grve-bg-primary-1\" href=\"https:\/\/barcelona365.info\/es\/barcelona-guia-privado-tours-rutas\/\" target=\"_self\" style=\"\"><span>ELIGE TU TOUR<\/span><\/a><\/div>[\/vc_column][vc_column width=\u00bb1\/4&#8243;]<div class=\"grve-element grve-align-left\"><a class=\"grve-btn grve-btn-small grve-square grve-bg-primary-1\" href=\"https:\/\/barcelona365.info\/es\/barcelona-guia-privado-tour-ruta-reserva-ahora\/\" target=\"_blank\" style=\"\"><span>RESERVA AHORA O PREG\u00daNTAME<\/span><\/a><\/div>[\/vc_column][vc_column width=\u00bb1\/4&#8243;][\/vc_column][\/vc_row]<\/p>\n<\/div>","protected":false},"excerpt":{"rendered":"<p>[vc_row section_type=\u00bbin-container\u00bb][vc_column width=\u00bb1\/2&#8243;][vc_empty_space height=\u00bb80px\u00bb][vc_column_text] Me llamo Francesc Garcia y soy Gu\u00eda oficial de Catalu\u00f1a (n\u00famero de licencia 2753). Trabajo en el turismo desde hace a\u00f1os acumulando una amplia experiencia como gu\u00eda tur\u00edstico. Ofrezco mis vistas en espa\u00f1ol, catal\u00e1n, ingl\u00e9s e italiano. [\/vc_column_text][\/vc_column][vc_column width=\u00bb1\/2&#8243;][\/vc_column][\/vc_row][vc_row][vc_column width=\u00bb2\/3&#8243;][vc_column_text] Mi historia: Nac\u00ed i crec\u00ed en Barcelona. A los 14 a\u00f1os [&hellip;]<\/p>\n","protected":false},"author":1,"featured_media":0,"parent":0,"menu_order":0,"comment_status":"open","ping_status":"closed","template":"","meta":{"footnotes":""},"aioseo_notices":[],"_links":{"self":[{"href":"https:\/\/barcelona365.info\/es\/wp-json\/wp\/v2\/pages\/1666"}],"collection":[{"href":"https:\/\/barcelona365.info\/es\/wp-json\/wp\/v2\/pages"}],"about":[{"href":"https:\/\/barcelona365.info\/es\/wp-json\/wp\/v2\/types\/page"}],"author":[{"embeddable":true,"href":"https:\/\/barcelona365.info\/es\/wp-json\/wp\/v2\/users\/1"}],"replies":[{"embeddable":true,"href":"https:\/\/barcelona365.info\/es\/wp-json\/wp\/v2\/comments?post=1666"}],"version-history":[{"count":0,"href":"https:\/\/barcelona365.info\/es\/wp-json\/wp\/v2\/pages\/1666\/revisions"}],"wp:attachment":[{"href":"https:\/\/barcelona365.info\/es\/wp-json\/wp\/v2\/media?parent=1666"}],"curies":[{"name":"wp","href":"https:\/\/api.w.org\/{rel}","templated":true}]}}