{"id":3509,"date":"2017-09-01T15:56:00","date_gmt":"2017-09-01T15:56:00","guid":{"rendered":"https:\/\/xn--diseopaginaswebenvalencia-coc.com\/barcelona\/book-now\/?lang=es"},"modified":"2017-11-20T10:42:24","modified_gmt":"2017-11-20T10:42:24","slug":"barcelona-guia-privado-tour-ruta-reserva-ahora","status":"publish","type":"page","link":"https:\/\/barcelona365.info\/es\/barcelona-guia-privado-tour-ruta-reserva-ahora\/","title":{"rendered":"RESERVA AHORA \/ PREGUNTAME"},"content":{"rendered":"<div class=\"wpb-content-wrapper\"><p>[vc_row][vc_column width=\u00bb2\/3&#8243;][vc_column_text]Por favor <strong>rellena todas las casillas<\/strong>. Esta informaci\u00f3n me ayuda a saber aquello que es necesario para vuestro tour.[\/vc_column_text]\n<div class=\"wpcf7 no-js\" id=\"wpcf7-f3498-o1\" lang=\"es-ES\" dir=\"ltr\">\n<div class=\"screen-reader-response\"><p role=\"status\" aria-live=\"polite\" aria-atomic=\"true\"><\/p> <ul><\/ul><\/div>\n<form action=\"\/es\/wp-json\/wp\/v2\/pages\/3509#wpcf7-f3498-o1\" method=\"post\" class=\"wpcf7-form init\" aria-label=\"Formulario de contacto\" novalidate=\"novalidate\" data-status=\"init\">\n<div style=\"display: none;\">\n<input type=\"hidden\" name=\"_wpcf7\" value=\"3498\" \/>\n<input type=\"hidden\" name=\"_wpcf7_version\" value=\"5.9.5\" \/>\n<input type=\"hidden\" name=\"_wpcf7_locale\" value=\"es_ES\" \/>\n<input type=\"hidden\" name=\"_wpcf7_unit_tag\" value=\"wpcf7-f3498-o1\" \/>\n<input type=\"hidden\" name=\"_wpcf7_container_post\" value=\"0\" \/>\n<input type=\"hidden\" name=\"_wpcf7_posted_data_hash\" value=\"\" \/>\n<\/div>\n<p> Nombre y Apellido (requerido)\n<\/p>\n<p><span class=\"wpcf7-form-control-wrap\" data-name=\"client-name\"><input size=\"40\" class=\"wpcf7-form-control wpcf7-text wpcf7-validates-as-required\" aria-required=\"true\" aria-invalid=\"false\" value=\"\" type=\"text\" name=\"client-name\" \/><\/span>\n<\/p>\n<p> Correo Electr\u00f3nico (requerido)\n<\/p>\n<p><span class=\"wpcf7-form-control-wrap\" data-name=\"client-email\"><input size=\"40\" class=\"wpcf7-form-control wpcf7-email wpcf7-validates-as-required wpcf7-text wpcf7-validates-as-email\" aria-required=\"true\" aria-invalid=\"false\" value=\"\" type=\"email\" name=\"client-email\" \/><\/span>\n<\/p>\n<p> Tour de inter\u00e9s\n<\/p>\n<p><span class=\"wpcf7-form-control-wrap\" data-name=\"RequestedTour\"><select class=\"wpcf7-form-control wpcf7-select\" id=\"RequestedTour\" aria-invalid=\"false\" name=\"RequestedTour\"><option value=\"(Haz clic aqu\u00ed para seleccionar el tour)\">(Haz clic aqu\u00ed para seleccionar el tour)<\/option><option value=\"01. Lo Imprescindible de Barcelona (2x4h)\">01. Lo Imprescindible de Barcelona (2x4h)<\/option><option value=\"02. Barcelona en 4 horas (4h)\">02. Barcelona en 4 horas (4h)<\/option><option value=\"03. Gaud\u00ed Tour: Sagrada Familia, Park G\u00fcell y m\u00e1s (4h)\">03. Gaud\u00ed Tour: Sagrada Familia, Park G\u00fcell y m\u00e1s (4h)<\/option><option value=\"04. Barrio G\u00f3tico a pie (4h)\">04. Barrio G\u00f3tico a pie (4h)<\/option><option value=\"05. Mercados y delicatesen: ver y degustar (4h)\">05. Mercados y delicatesen: ver y degustar (4h)<\/option><option value=\"07. La Barcelona Jud\u00eda y la Sinagoga Mayor (3H)\">07. La Barcelona Jud\u00eda y la Sinagoga Mayor (3H)<\/option><option value=\"08. Visita de dos Barrios para nada tur\u00edsticos (4H)\">08. Visita de dos Barrios para nada tur\u00edsticos (4H)<\/option><option value=\"09. La Barcelona de Picasso (4h)\">09. La Barcelona de Picasso (4h)<\/option><option value=\"\"><\/option><option value=\"Exc01. Montserrat (excursi\u00f3n desde Barcelona \u2013 6h)\">Exc01. Montserrat (excursi\u00f3n desde Barcelona \u2013 6h)<\/option><option value=\"Exc02. Bodega Familiar de Cava (desde Barcelona \u2013 5h)\">Exc02. Bodega Familiar de Cava (desde Barcelona \u2013 5h)<\/option><option value=\"Exc03. Museo de Dal\u00ed &amp; Girona (desde Barcelona 9h)\">Exc03. Museo de Dal\u00ed &amp; Girona (desde Barcelona 9h)<\/option><option value=\"Exc04. Costa Brava \u2013 Caminos de Ronda (desde Bcn 9h)\">Exc04. Costa Brava \u2013 Caminos de Ronda (desde Bcn 9h)<\/option><option value=\"Exc05. Cadaqu\u00e8s + Casa Dal\u00ed + Sant Pere de Rodes (10h)\">Exc05. Cadaqu\u00e8s + Casa Dal\u00ed + Sant Pere de Rodes (10h)<\/option><option value=\"\"><\/option><option value=\"Transfer from Airport or Cruise Ship Terminal\">Transfer from Airport or Cruise Ship Terminal<\/option><\/select><\/span>\n<\/p>\n<p> Fecha(s) del tour(s)\n<\/p>\n<p><span class=\"wpcf7-form-control-wrap\" data-name=\"Date-tour\"><input size=\"40\" class=\"wpcf7-form-control wpcf7-text\" aria-invalid=\"false\" value=\"\" type=\"text\" name=\"Date-tour\" \/><\/span>\n<\/p>\n<p> N\u00famero de personas\n<\/p>\n<p><span class=\"wpcf7-form-control-wrap\" data-name=\"number-people\"><input class=\"wpcf7-form-control wpcf7-number wpcf7-validates-as-number\" aria-invalid=\"false\" value=\"\" type=\"number\" name=\"number-people\" \/><\/span>\n<\/p>\n<p> Tu Mensaje\n<\/p>\n<p><span class=\"wpcf7-form-control-wrap\" data-name=\"client-message\"><textarea cols=\"40\" rows=\"10\" class=\"wpcf7-form-control wpcf7-textarea\" aria-invalid=\"false\" name=\"client-message\"><\/textarea><\/span>\n<\/p>\n<p>Codigo de Seguridad\n<\/p>\n<p><input type=\"hidden\" name=\"_wpcf7_captcha_challenge_captcha-503\" value=\"3886377046\" \/><img loading=\"lazy\" decoding=\"async\" class=\"wpcf7-form-control wpcf7-captchac wpcf7-captcha-captcha-503\" width=\"72\" height=\"24\" alt=\"captcha\" src=\"https:\/\/barcelona365.info\/wp-content\/uploads\/wpcf7_captcha\/3886377046.png\" \/>\n<\/p>\n<p><span class=\"wpcf7-form-control-wrap\" data-name=\"captcha-503\"><input size=\"40\" class=\"wpcf7-form-control wpcf7-captchar\" autocomplete=\"off\" aria-invalid=\"false\" value=\"\" type=\"text\" name=\"captcha-503\" \/><\/span>\n<\/p>\n<p><input class=\"wpcf7-form-control wpcf7-submit has-spinner\" type=\"submit\" value=\"Enviar\" \/>\n<\/p><p style=\"display: none !important;\" class=\"akismet-fields-container\" data-prefix=\"_wpcf7_ak_\"><label>&#916;<textarea name=\"_wpcf7_ak_hp_textarea\" cols=\"45\" rows=\"8\" maxlength=\"100\"><\/textarea><\/label><input type=\"hidden\" id=\"ak_js_1\" name=\"_wpcf7_ak_js\" value=\"138\"\/><script>document.getElementById( \"ak_js_1\" ).setAttribute( \"value\", ( new Date() ).getTime() );<\/script><\/p><div class=\"wpcf7-response-output\" aria-hidden=\"true\"><\/div>\n<\/form>\n<\/div>\n[\/vc_column][vc_column width=\u00bb1\/3&#8243;]<div class=\"grve-element grve-image grve-align-center\" style=\"\"><img loading=\"lazy\" decoding=\"async\" width=\"625\" height=\"519\" src=\"https:\/\/barcelona365.info\/wp-content\/uploads\/2015\/02\/Foto-Francesc.jpg\" class=\"attachment-full size-full\" alt=\"\" srcset=\"https:\/\/barcelona365.info\/wp-content\/uploads\/2015\/02\/Foto-Francesc.jpg 625w, https:\/\/barcelona365.info\/wp-content\/uploads\/2015\/02\/Foto-Francesc-300x249.jpg 300w, https:\/\/barcelona365.info\/wp-content\/uploads\/2015\/02\/Foto-Francesc-560x465.jpg 560w\" sizes=\"(max-width: 625px) 100vw, 625px\" \/><\/div>[vc_column_text]Ema<span style=\"color: #000000;\">il: <\/span><a href=\"mailto:info@barcelona365.es\"><strong><span style=\"color: #000000;\">info@barcelona365.es<\/span><\/strong><\/a><a href=\"mailto:info@barcelona365.es\"><strong><br \/>\n<\/strong><\/a><strong>M\u00f3vil: +34 629 70 90 77<\/strong> (Utilizo <strong>WhatsApp<\/strong> pero cuando estoy en un tour no puedo responder al momento)[\/vc_column_text][vc_row_inner][vc_column_inner width=\u00bb1\/4&#8243;][\/vc_column_inner][vc_column_inner width=\u00bb1\/2&#8243;][vc_raw_html]JTNDZGl2JTIwaWQlM0QlMjJUQV9jZXJ0aWZpY2F0ZU9mRXhjZWxsZW5jZTE2MCUyMiUyMGNsYXNzJTNEJTIyVEFfY2VydGlmaWNhdGVPZkV4Y2VsbGVuY2UlMjIlM0UlMEElM0N1bCUyMGlkJTNEJTIyeXN1aExweXZDJTIyJTIwY2xhc3MlM0QlMjJUQV9saW5rcyUyMHhGS290RzJPNEElMjIlM0UlMEElM0NsaSUyMGlkJTNEJTIyTDlwdUJ0cHBrMCUyMiUyMGNsYXNzJTNEJTIyOVdMT1hlJTIyJTNFJTBBJTNDYSUyMHRhcmdldCUzRCUyMl9ibGFuayUyMiUyMGhyZWYlM0QlMjJodHRwcyUzQSUyRiUyRnd3dy50cmlwYWR2aXNvci5lcyUyRkF0dHJhY3Rpb25fUmV2aWV3LWcxODc0OTctZDMyMjM5NjYtUmV2aWV3cy1CYXJjZWxvbmEzNjVfRGF5X1RvdXItQmFyY2Vsb25hX0NhdGFsb25pYS5odG1sJTIyJTNFJTNDaW1nJTIwc3JjJTNEJTIyaHR0cHMlM0ElMkYlMkZ3d3cudHJpcGFkdmlzb3IuZXMlMkZpbWclMkZjZHNpJTJGaW1nMiUyRmF3YXJkcyUyRkNvRTIwMTdfV2lkZ2V0QXNzZXQtMTQzNDgtMi5wbmclMjIlMjBhbHQlM0QlMjJUcmlwQWR2aXNvciUyMiUyMGNsYXNzJTNEJTIyd2lkQ09FSW1nJTIyJTIwaWQlM0QlMjJDRFNXSURDT0VMT0dPJTIyJTJGJTNFJTNDJTJGYSUzRSUwQSUzQyUyRmxpJTNFJTBBJTNDJTJGdWwlM0UlMEElM0MlMkZkaXYlM0UlMEElM0NzY3JpcHQlMjBzcmMlM0QlMjJodHRwcyUzQSUyRiUyRnd3dy5qc2NhY2hlLmNvbSUyRndlanMlM0Z3dHlwZSUzRGNlcnRpZmljYXRlT2ZFeGNlbGxlbmNlJTI2YW1wJTNCdW5pcSUzRDE2MCUyNmFtcCUzQmxvY2F0aW9uSWQlM0QzMjIzOTY2JTI2YW1wJTNCbGFuZyUzRGVzJTI2YW1wJTNCeWVhciUzRDIwMTclMjZhbXAlM0JkaXNwbGF5X3ZlcnNpb24lM0QyJTIyJTNFJTNDJTJGc2NyaXB0JTNF[\/vc_raw_html][\/vc_column_inner][vc_column_inner width=\u00bb1\/4&#8243;][\/vc_column_inner][\/vc_row_inner][vc_empty_space height=\u00bb42px\u00bb][vc_column_text]<\/p>\n<h5 style=\"text-align: center;\">PAGO POR PAYPAL<\/h5>\n<p>[\/vc_column_text][vc_raw_html]JTNDZm9ybSUyMGFjdGlvbiUzRCUyMmh0dHBzJTNBJTJGJTJGcGF5cGFsLm1lJTJGYmFyY2Vsb25hMzY1JTIyJTIwbWV0aG9kJTNEJTIycG9zdCUyMiUyMHRhcmdldCUzRCUyMl90b3AlMjIlM0UlMEElM0NpbnB1dCUyMHR5cGUlM0QlMjJoaWRkZW4lMjIlMjBuYW1lJTNEJTIyY21kJTIyJTIwdmFsdWUlM0QlMjJfcy14Y2xpY2slMjIlM0UlMEElM0NpbnB1dCUyMHR5cGUlM0QlMjJoaWRkZW4lMjIlMjBuYW1lJTNEJTIyaG9zdGVkX2J1dHRvbl9pZCUyMiUyMHZhbHVlJTNEJTIyUjhENTVWNVFVV1MzOCUyMiUzRSUwQSUzQ3RhYmxlJTNFJTBBJTNDdHIlM0UlM0N0ZCUzRSUzQ2lucHV0JTIwdHlwZSUzRCUyMmhpZGRlbiUyMiUyMG5hbWUlM0QlMjJvbjAlMjIlMjB2YWx1ZSUzRCUyMkludHJvZHVjZSUyMHR1JTIwbm9tYnJlJTIweSUyMGZlY2hhJTIwZGUlMjByZXNlcnZhJTIyJTNFSW50cm9kdWNlJTIwdHUlMjBub21icmUlMjB5JTIwZmVjaGElMjBkZSUyMHJlc2VydmElM0MlMkZ0ZCUzRSUzQyUyRnRyJTNFJTNDdHIlM0UlM0N0ZCUzRSUzQ2lucHV0JTIwdHlwZSUzRCUyMnRleHQlMjIlMjBuYW1lJTNEJTIyb3MwJTIyJTIwbWF4bGVuZ3RoJTNEJTIyMjAwJTIyJTNFJTNDJTJGdGQlM0UlM0MlMkZ0ciUzRSUwQSUzQyUyRnRhYmxlJTNFJTBBJTNDaW5wdXQlMjB0eXBlJTNEJTIyaW1hZ2UlMjIlMjBzcmMlM0QlMjJodHRwcyUzQSUyRiUyRnd3dy5wYXlwYWxvYmplY3RzLmNvbSUyRmVuX1VTJTJGRVMlMkZpJTJGYnRuJTJGYnRuX3BheW5vd0NDX0xHLmdpZiUyMiUyMGJvcmRlciUzRCUyMjAlMjIlMjBuYW1lJTNEJTIyc3VibWl0JTIyJTIwYWx0JTNEJTIyUGF5UGFsJTIwLSUyMFRoZSUyMHNhZmVyJTJDJTIwZWFzaWVyJTIwd2F5JTIwdG8lMjBwYXklMjBvbmxpbmUlMjElMjIlM0UlMEElM0NpbWclMjBhbHQlM0QlMjIlMjIlMjBib3JkZXIlM0QlMjIwJTIyJTIwc3JjJTNEJTIyaHR0cHMlM0ElMkYlMkZ3d3cucGF5cGFsb2JqZWN0cy5jb20lMkZlbl9VUyUyRmklMkZzY3IlMkZwaXhlbC5naWYlMjIlMjB3aWR0aCUzRCUyMjElMjIlMjBoZWlnaHQlM0QlMjIxJTIyJTNFJTBBJTNDJTJGZm9ybSUzRQ==[\/vc_raw_html][\/vc_column][\/vc_row]<\/p>\n<\/div>","protected":false},"excerpt":{"rendered":"<p>[vc_row][vc_column width=\u00bb2\/3&#8243;][vc_column_text]Por favor rellena todas las casillas. Esta informaci\u00f3n me ayuda a saber aquello que es necesario para vuestro tour.[\/vc_column_text][\/vc_column][vc_column width=\u00bb1\/3&#8243;][vc_column_text]Email: info@barcelona365.es M\u00f3vil: +34 629 70 90 77 (Utilizo WhatsApp pero cuando estoy en un tour no puedo responder al momento)[\/vc_column_text][vc_row_inner][vc_column_inner width=\u00bb1\/4&#8243;][\/vc_column_inner][vc_column_inner width=\u00bb1\/2&#8243;][vc_raw_html]JTNDZGl2JTIwaWQlM0QlMjJUQV9jZXJ0aWZpY2F0ZU9mRXhjZWxsZW5jZTE2MCUyMiUyMGNsYXNzJTNEJTIyVEFfY2VydGlmaWNhdGVPZkV4Y2VsbGVuY2UlMjIlM0UlMEElM0N1bCUyMGlkJTNEJTIyeXN1aExweXZDJTIyJTIwY2xhc3MlM0QlMjJUQV9saW5rcyUyMHhGS290RzJPNEElMjIlM0UlMEElM0NsaSUyMGlkJTNEJTIyTDlwdUJ0cHBrMCUyMiUyMGNsYXNzJTNEJTIyOVdMT1hlJTIyJTNFJTBBJTNDYSUyMHRhcmdldCUzRCUyMl9ibGFuayUyMiUyMGhyZWYlM0QlMjJodHRwcyUzQSUyRiUyRnd3dy50cmlwYWR2aXNvci5lcyUyRkF0dHJhY3Rpb25fUmV2aWV3LWcxODc0OTctZDMyMjM5NjYtUmV2aWV3cy1CYXJjZWxvbmEzNjVfRGF5X1RvdXItQmFyY2Vsb25hX0NhdGFsb25pYS5odG1sJTIyJTNFJTNDaW1nJTIwc3JjJTNEJTIyaHR0cHMlM0ElMkYlMkZ3d3cudHJpcGFkdmlzb3IuZXMlMkZpbWclMkZjZHNpJTJGaW1nMiUyRmF3YXJkcyUyRkNvRTIwMTdfV2lkZ2V0QXNzZXQtMTQzNDgtMi5wbmclMjIlMjBhbHQlM0QlMjJUcmlwQWR2aXNvciUyMiUyMGNsYXNzJTNEJTIyd2lkQ09FSW1nJTIyJTIwaWQlM0QlMjJDRFNXSURDT0VMT0dPJTIyJTJGJTNFJTNDJTJGYSUzRSUwQSUzQyUyRmxpJTNFJTBBJTNDJTJGdWwlM0UlMEElM0MlMkZkaXYlM0UlMEElM0NzY3JpcHQlMjBzcmMlM0QlMjJodHRwcyUzQSUyRiUyRnd3dy5qc2NhY2hlLmNvbSUyRndlanMlM0Z3dHlwZSUzRGNlcnRpZmljYXRlT2ZFeGNlbGxlbmNlJTI2YW1wJTNCdW5pcSUzRDE2MCUyNmFtcCUzQmxvY2F0aW9uSWQlM0QzMjIzOTY2JTI2YW1wJTNCbGFuZyUzRGVzJTI2YW1wJTNCeWVhciUzRDIwMTclMjZhbXAlM0JkaXNwbGF5X3ZlcnNpb24lM0QyJTIyJTNFJTNDJTJGc2NyaXB0JTNF[\/vc_raw_html][\/vc_column_inner][vc_column_inner width=\u00bb1\/4&#8243;][\/vc_column_inner][\/vc_row_inner][vc_empty_space height=\u00bb42px\u00bb][vc_column_text] PAGO POR PAYPAL [\/vc_column_text][vc_raw_html]JTNDZm9ybSUyMGFjdGlvbiUzRCUyMmh0dHBzJTNBJTJGJTJGcGF5cGFsLm1lJTJGYmFyY2Vsb25hMzY1JTIyJTIwbWV0aG9kJTNEJTIycG9zdCUyMiUyMHRhcmdldCUzRCUyMl90b3AlMjIlM0UlMEElM0NpbnB1dCUyMHR5cGUlM0QlMjJoaWRkZW4lMjIlMjBuYW1lJTNEJTIyY21kJTIyJTIwdmFsdWUlM0QlMjJfcy14Y2xpY2slMjIlM0UlMEElM0NpbnB1dCUyMHR5cGUlM0QlMjJoaWRkZW4lMjIlMjBuYW1lJTNEJTIyaG9zdGVkX2J1dHRvbl9pZCUyMiUyMHZhbHVlJTNEJTIyUjhENTVWNVFVV1MzOCUyMiUzRSUwQSUzQ3RhYmxlJTNFJTBBJTNDdHIlM0UlM0N0ZCUzRSUzQ2lucHV0JTIwdHlwZSUzRCUyMmhpZGRlbiUyMiUyMG5hbWUlM0QlMjJvbjAlMjIlMjB2YWx1ZSUzRCUyMkludHJvZHVjZSUyMHR1JTIwbm9tYnJlJTIweSUyMGZlY2hhJTIwZGUlMjByZXNlcnZhJTIyJTNFSW50cm9kdWNlJTIwdHUlMjBub21icmUlMjB5JTIwZmVjaGElMjBkZSUyMHJlc2VydmElM0MlMkZ0ZCUzRSUzQyUyRnRyJTNFJTNDdHIlM0UlM0N0ZCUzRSUzQ2lucHV0JTIwdHlwZSUzRCUyMnRleHQlMjIlMjBuYW1lJTNEJTIyb3MwJTIyJTIwbWF4bGVuZ3RoJTNEJTIyMjAwJTIyJTNFJTNDJTJGdGQlM0UlM0MlMkZ0ciUzRSUwQSUzQyUyRnRhYmxlJTNFJTBBJTNDaW5wdXQlMjB0eXBlJTNEJTIyaW1hZ2UlMjIlMjBzcmMlM0QlMjJodHRwcyUzQSUyRiUyRnd3dy5wYXlwYWxvYmplY3RzLmNvbSUyRmVuX1VTJTJGRVMlMkZpJTJGYnRuJTJGYnRuX3BheW5vd0NDX0xHLmdpZiUyMiUyMGJvcmRlciUzRCUyMjAlMjIlMjBuYW1lJTNEJTIyc3VibWl0JTIyJTIwYWx0JTNEJTIyUGF5UGFsJTIwLSUyMFRoZSUyMHNhZmVyJTJDJTIwZWFzaWVyJTIwd2F5JTIwdG8lMjBwYXklMjBvbmxpbmUlMjElMjIlM0UlMEElM0NpbWclMjBhbHQlM0QlMjIlMjIlMjBib3JkZXIlM0QlMjIwJTIyJTIwc3JjJTNEJTIyaHR0cHMlM0ElMkYlMkZ3d3cucGF5cGFsb2JqZWN0cy5jb20lMkZlbl9VUyUyRmklMkZzY3IlMkZwaXhlbC5naWYlMjIlMjB3aWR0aCUzRCUyMjElMjIlMjBoZWlnaHQlM0QlMjIxJTIyJTNFJTBBJTNDJTJGZm9ybSUzRQ==[\/vc_raw_html][\/vc_column][\/vc_row]<\/p>\n","protected":false},"author":1,"featured_media":0,"parent":0,"menu_order":0,"comment_status":"open","ping_status":"closed","template":"","meta":{"footnotes":""},"aioseo_notices":[],"_links":{"self":[{"href":"https:\/\/barcelona365.info\/es\/wp-json\/wp\/v2\/pages\/3509"}],"collection":[{"href":"https:\/\/barcelona365.info\/es\/wp-json\/wp\/v2\/pages"}],"about":[{"href":"https:\/\/barcelona365.info\/es\/wp-json\/wp\/v2\/types\/page"}],"author":[{"embeddable":true,"href":"https:\/\/barcelona365.info\/es\/wp-json\/wp\/v2\/users\/1"}],"replies":[{"embeddable":true,"href":"https:\/\/barcelona365.info\/es\/wp-json\/wp\/v2\/comments?post=3509"}],"version-history":[{"count":0,"href":"https:\/\/barcelona365.info\/es\/wp-json\/wp\/v2\/pages\/3509\/revisions"}],"wp:attachment":[{"href":"https:\/\/barcelona365.info\/es\/wp-json\/wp\/v2\/media?parent=3509"}],"curies":[{"name":"wp","href":"https:\/\/api.w.org\/{rel}","templated":true}]}}