{"id":1586,"date":"2017-05-01T09:54:07","date_gmt":"2017-05-01T09:54:07","guid":{"rendered":"https:\/\/xn--diseopaginaswebenvalencia-coc.com\/barcelona\/?page_id=1586&#038;lang=fr"},"modified":"2017-11-23T12:00:02","modified_gmt":"2017-11-23T12:00:02","slug":"barcelone-guide-touristique-tour-conditions-generales","status":"publish","type":"page","link":"https:\/\/barcelona365.info\/fr\/barcelone-guide-touristique-tour-conditions-generales\/","title":{"rendered":"CONDITIONS G\u00c9N\u00c9RALES"},"content":{"rendered":"<div class=\"wpb-content-wrapper\"><p>[vc_row][vc_column][vc_column_text]<strong><u>Conditions d&rsquo;annulation<br \/>\n<\/u><\/strong>Si le tour est annul\u00e9 <strong>\u00e0 plus de 48 heures avant<\/strong> son commencement, il vous sera <strong>rembours\u00e9<\/strong>, sauf les frais de r\u00e9servation pour les monuments, attractions, mus\u00e9es et v\u00e9hicule priv\u00e9.\u00a0S&rsquo;il est annul\u00e9 <strong>\u00e0 48 heures o\u00f9 \u00e0 moins de 48 heures<\/strong> avant le commencement <strong>il ne vous sera rien rembours\u00e9<\/strong>.<br \/>\nSi les services doivent \u00eatre annul\u00e9s par Barcelona365 en cas de <strong>force majeure<\/strong> ou pour \u00eatre dans l&rsquo;impossibilit\u00e9 de pouvoir offrir nos services pour des probl\u00e8mes d&rsquo;organisation ou de conditions climatiques, nous nous mettrons en contact avec vous et la totalit\u00e9 vous sera <strong>rembours\u00e9e<\/strong> (sauf les frais de transaction qui ne sont pas r\u00e9cup\u00e9rables).\u00a0<strong>Vous avez \u00e9galement la possibilit\u00e9 de refaire ult\u00e9rieurement une nouvelle r\u00e9servation sans frais suppl\u00e9mentaires.<\/strong><\/p>\n<p><u>Le client \u00e0 la responsabilit\u00e9<\/u> d&rsquo;\u00eatre pr\u00e9sent et ponctuel au point de rencontre avec le guide. Le retard du client ne prolongera pas le tour. Si le client <strong>a plus de 30 minutes de retard et qu&rsquo;il ne pr\u00e9vient pas le guide, ce sera consid\u00e9r\u00e9 comme \u00ab\u00a0no show\u00a0\u00bb et le client ne sera pas rembours\u00e9.<\/strong><\/p>\n<p><strong><u><span class=\"b3\">Excursion<\/span><span class=\"b4\">s d<\/span><span class=\"b5\">e Croisi\u00e8re P<\/span><span class=\"b4\">riv<\/span><span class=\"b3\">\u00e9es<\/span><br \/>\n<\/u><\/strong>Les conditions ci-dessus s&rsquo;appliquent aux tours \u00e0 terre mais vous avez \u00e9galement le droit de:<br \/>\nSi les bateaux de croisi\u00e8re <strong>ne peuvent pas s&rsquo;arr\u00eater \u00e0 Barcelone<\/strong>, en raison du mauvais temps ou pour raisons de la Compagnie, <strong>le paiement vous sera rembours\u00e9<\/strong>, sauf les frais de vente, (r\u00e9servation de billets, entr\u00e9es, r\u00e9servation de v\u00e9hicules&#8230;.).\u00a0Les clients ont la responsabilit\u00e9 de nous communiquer leur retard d\u00e8s qu&rsquo;ils en ont connaissance; (le retard peut \u00eatre un motif de non-remboursement).<br \/>\nSi <strong>la croisi\u00e8re<\/strong> <strong>a un retard de derni\u00e8re minute<\/strong> et que le tour ne peut pas commencer \u00e0 l&rsquo;heure pr\u00e9vue, il d\u00e9butera quand cela sera possible et si ce n&rsquo;est pas possible<strong>, le paiement sera rembours\u00e9<\/strong> except\u00e9 les diverses r\u00e9servations de billets, entr\u00e9es, reservations de v\u00e9hicules&#8230; qui sont irr\u00e9cup\u00e9rables. Nous prions nos clients de bien vouloir nous avertir des retards ou \u00e9ventuels probl\u00e8mes qu&rsquo;ils peuvent rencontrer et qui pourront nuire au bon d\u00e9roulement du tour.<br \/>\nIl sera n\u00e9cessaire de <strong>demander un document \u00e0 la compagnie maritime<\/strong> qui justifie le changement d&rsquo;horaire car certains monuments le demandent pour proposer une nouvelle visite \u00e0 un autre horaire ou pour le remboursement de celle-ci.[\/vc_column_text]<div class=\"grve-element grve-gallery grve-isotope grve-gallery-popup\" style=\"\" data-gutter=\"yes\" data-type=\"4-columns\" data-layout=\"fitRows\"><div class=\"grve-isotope-container\"><div class=\"grve-isotope-item \"><a href=\"https:\/\/barcelona365.info\/wp-content\/uploads\/2016\/02\/Mercedes-Minivan-Creuer-1-1.jpg\"><figure class=\"grve-image-hover grve-zoom-in\"><div class=\"grve-media grve-dark-overlay grve-opacity-80\"><img loading=\"lazy\" decoding=\"async\" width=\"163\" height=\"163\" src=\"https:\/\/barcelona365.info\/wp-content\/uploads\/2016\/02\/Mercedes-Minivan-Creuer-1-1.jpg\" class=\"attachment-grve-image-small-square size-grve-image-small-square\" alt=\"\" srcset=\"https:\/\/barcelona365.info\/wp-content\/uploads\/2016\/02\/Mercedes-Minivan-Creuer-1-1.jpg 163w, https:\/\/barcelona365.info\/wp-content\/uploads\/2016\/02\/Mercedes-Minivan-Creuer-1-1-150x150.jpg 150w, https:\/\/barcelona365.info\/wp-content\/uploads\/2016\/02\/Mercedes-Minivan-Creuer-1-1-80x80.jpg 80w, https:\/\/barcelona365.info\/wp-content\/uploads\/2016\/02\/Mercedes-Minivan-Creuer-1-1-100x100.jpg 100w\" sizes=\"(max-width: 163px) 100vw, 163px\" \/><\/div><figcaption><h6 class=\"grve-title grve-dark\">Cruise Ship Terminal \/ Chauffeured Vehicle<\/h6><\/figcaption><\/figure><\/a><\/div><div class=\"grve-isotope-item \"><a href=\"https:\/\/barcelona365.info\/wp-content\/uploads\/2016\/02\/satisfaccion.jpg\"><figure class=\"grve-image-hover grve-zoom-in\"><div class=\"grve-media grve-dark-overlay grve-opacity-80\"><img loading=\"lazy\" decoding=\"async\" width=\"224\" height=\"224\" src=\"https:\/\/barcelona365.info\/wp-content\/uploads\/2016\/02\/satisfaccion.jpg\" class=\"attachment-grve-image-small-square size-grve-image-small-square\" alt=\"\" srcset=\"https:\/\/barcelona365.info\/wp-content\/uploads\/2016\/02\/satisfaccion.jpg 224w, https:\/\/barcelona365.info\/wp-content\/uploads\/2016\/02\/satisfaccion-150x150.jpg 150w, https:\/\/barcelona365.info\/wp-content\/uploads\/2016\/02\/satisfaccion-80x80.jpg 80w, https:\/\/barcelona365.info\/wp-content\/uploads\/2016\/02\/satisfaccion-100x100.jpg 100w\" sizes=\"(max-width: 224px) 100vw, 224px\" \/><\/div><figcaption><h6 class=\"grve-title grve-dark\">Satisfaction<\/h6><\/figcaption><\/figure><\/a><\/div><div class=\"grve-isotope-item \"><a href=\"https:\/\/barcelona365.info\/wp-content\/uploads\/2016\/02\/G_calidad.jpg\"><figure class=\"grve-image-hover grve-zoom-in\"><div class=\"grve-media grve-dark-overlay grve-opacity-80\"><img loading=\"lazy\" decoding=\"async\" width=\"233\" height=\"233\" src=\"https:\/\/barcelona365.info\/wp-content\/uploads\/2016\/02\/G_calidad.jpg\" class=\"attachment-grve-image-small-square size-grve-image-small-square\" alt=\"\" srcset=\"https:\/\/barcelona365.info\/wp-content\/uploads\/2016\/02\/G_calidad.jpg 233w, https:\/\/barcelona365.info\/wp-content\/uploads\/2016\/02\/G_calidad-150x150.jpg 150w, https:\/\/barcelona365.info\/wp-content\/uploads\/2016\/02\/G_calidad-80x80.jpg 80w, https:\/\/barcelona365.info\/wp-content\/uploads\/2016\/02\/G_calidad-100x100.jpg 100w\" sizes=\"(max-width: 233px) 100vw, 233px\" \/><\/div><figcaption><h6 class=\"grve-title grve-dark\">Satisfaction<\/h6><\/figcaption><\/figure><\/a><\/div><div class=\"grve-isotope-item \"><a href=\"https:\/\/barcelona365.info\/wp-content\/uploads\/2016\/02\/35-2014-03-07-agreements90-1.jpg\"><figure class=\"grve-image-hover grve-zoom-in\"><div class=\"grve-media grve-dark-overlay grve-opacity-80\"><img loading=\"lazy\" decoding=\"async\" width=\"355\" height=\"355\" src=\"https:\/\/barcelona365.info\/wp-content\/uploads\/2016\/02\/35-2014-03-07-agreements90-1.jpg\" class=\"attachment-grve-image-small-square size-grve-image-small-square\" alt=\"\" srcset=\"https:\/\/barcelona365.info\/wp-content\/uploads\/2016\/02\/35-2014-03-07-agreements90-1.jpg 355w, https:\/\/barcelona365.info\/wp-content\/uploads\/2016\/02\/35-2014-03-07-agreements90-1-300x300.jpg 300w, https:\/\/barcelona365.info\/wp-content\/uploads\/2016\/02\/35-2014-03-07-agreements90-1-150x150.jpg 150w, https:\/\/barcelona365.info\/wp-content\/uploads\/2016\/02\/35-2014-03-07-agreements90-1-80x80.jpg 80w, https:\/\/barcelona365.info\/wp-content\/uploads\/2016\/02\/35-2014-03-07-agreements90-1-100x100.jpg 100w\" sizes=\"(max-width: 355px) 100vw, 355px\" \/><\/div><figcaption><h6 class=\"grve-title grve-dark\">Satisfaction<\/h6><\/figcaption><\/figure><\/a><\/div><\/div><\/div>[\/vc_column][\/vc_row]<\/p>\n<\/div>","protected":false},"excerpt":{"rendered":"<p>[vc_row][vc_column][vc_column_text]Conditions d&rsquo;annulation Si le tour est annul\u00e9 \u00e0 plus de 48 heures avant son commencement, il vous sera rembours\u00e9, sauf les frais de r\u00e9servation pour les monuments, attractions, mus\u00e9es et v\u00e9hicule priv\u00e9.\u00a0S&rsquo;il est annul\u00e9 \u00e0 48 heures o\u00f9 \u00e0 moins de 48 heures avant le commencement il ne vous sera rien rembours\u00e9. Si les services [&hellip;]<\/p>\n","protected":false},"author":1,"featured_media":0,"parent":0,"menu_order":0,"comment_status":"closed","ping_status":"closed","template":"","meta":{"footnotes":""},"aioseo_notices":[],"_links":{"self":[{"href":"https:\/\/barcelona365.info\/fr\/wp-json\/wp\/v2\/pages\/1586"}],"collection":[{"href":"https:\/\/barcelona365.info\/fr\/wp-json\/wp\/v2\/pages"}],"about":[{"href":"https:\/\/barcelona365.info\/fr\/wp-json\/wp\/v2\/types\/page"}],"author":[{"embeddable":true,"href":"https:\/\/barcelona365.info\/fr\/wp-json\/wp\/v2\/users\/1"}],"replies":[{"embeddable":true,"href":"https:\/\/barcelona365.info\/fr\/wp-json\/wp\/v2\/comments?post=1586"}],"version-history":[{"count":0,"href":"https:\/\/barcelona365.info\/fr\/wp-json\/wp\/v2\/pages\/1586\/revisions"}],"wp:attachment":[{"href":"https:\/\/barcelona365.info\/fr\/wp-json\/wp\/v2\/media?parent=1586"}],"curies":[{"name":"wp","href":"https:\/\/api.w.org\/{rel}","templated":true}]}}