{"id":1665,"date":"2017-07-01T15:55:25","date_gmt":"2017-07-01T15:55:25","guid":{"rendered":"https:\/\/xn--diseopaginaswebenvalencia-coc.com\/barcelona\/?page_id=1665&#038;lang=fr"},"modified":"2017-12-16T11:39:01","modified_gmt":"2017-12-16T11:39:01","slug":"barcelone-guide-touristique-tour-sur-moi","status":"publish","type":"page","link":"https:\/\/barcelona365.info\/fr\/barcelone-guide-touristique-tour-sur-moi\/","title":{"rendered":"SUR MOI"},"content":{"rendered":"<div class=\"wpb-content-wrapper\"><p>[vc_row section_type=\u00a0\u00bbin-container\u00a0\u00bb][vc_column width=\u00a0\u00bb1\/2&Prime;][vc_empty_space height=\u00a0\u00bb100px\u00a0\u00bb][vc_column_text]<\/p>\n<div id=\"page-header\">\n<div id=\"breadcrumbs\">\n<h3><\/h3>\n<h3><strong>Je m\u2019appelle\u00a0Marina Bernades. <\/strong><strong>Je suis Guide Officiel en Catalogne (num\u00e9ro de licence 2814).<\/strong><\/h3>\n<h3><strong>\u00c7a fait long temps que je travaille dans le domaine du tourisme et j\u00b4ai accumuler une grande exp\u00e9rience en tant que guide touristique. J&rsquo;offre le guide en langue fran\u00e7aise, italienne, catalan et espagnol<\/strong>.<\/h3>\n<\/div>\n<\/div>\n<p>[\/vc_column_text][\/vc_column][vc_column width=\u00a0\u00bb1\/2&Prime;]<div class=\"grve-element grve-image grve-align-center\" style=\"\"><img loading=\"lazy\" decoding=\"async\" width=\"452\" height=\"478\" src=\"https:\/\/barcelona365.info\/wp-content\/uploads\/2015\/02\/2017-04-06-23.20.25-2.jpg\" class=\"attachment-full size-full\" alt=\"\" srcset=\"https:\/\/barcelona365.info\/wp-content\/uploads\/2015\/02\/2017-04-06-23.20.25-2.jpg 452w, https:\/\/barcelona365.info\/wp-content\/uploads\/2015\/02\/2017-04-06-23.20.25-2-284x300.jpg 284w\" sizes=\"(max-width: 452px) 100vw, 452px\" \/><\/div>[\/vc_column][\/vc_row][vc_row][vc_column width=\u00a0\u00bb2\/3&Prime;][vc_column_text]<\/p>\n<div id=\"page-header\">\n<h5><strong>Sur moi:<\/strong><\/h5>\n<p>Je suis n\u00e9e \u00e0 Barcelone C\u2019est\u00a0<strong>au lyc\u00e9e que j\u2019ai commenc\u00e9 \u00e0 apprendre le fran\u00e7ais<\/strong>, le perfectionnant \u00e0 l\u2019\u00e9cole officielle de langue.\u00a0Je suis dipl\u00f4m\u00e9e en\u00a0<strong>histoire de l\u2019Art \u00e0 l\u2019Universit\u00e9 de Barcelone<\/strong>.<br \/>\nApr\u00e8s un dur cours pr\u00e9paratoire pour les examens d\u2019entr\u00e9es du Gouvernement de la Catalogne, j\u2019ai obtenu la <strong>licence de guide touristique du Gouvernement de la Catalogne<\/strong> pouvant ainsi r\u00e9aliser des\u00a0visites \u00e0 l\u2019int\u00e9rieur de plusieurs mus\u00e9es et\u00a0monuments class\u00e9s patrimoine de l\u2019humanit\u00e9.<br \/>\n<strong>\u00a0 \u00a0 \u00a0 \u00a0 \u00a0 \u00a0 \u00a0 \u00a0 \u00a0 \u00a0 \u00a0 \u00a0 \u00a0 \u00a0 \u00a0 \u00a0 \u00a0 \u00a0TOUT \u00c7A SANS FAIRE DE LONGUES ET ENNUYEUSES FILES D\u2019ATTENTE.<br \/>\n<\/strong>Je suis\u00a0<strong>freelance<\/strong>, avec <strong>Barcelona365<\/strong>, j\u2019offre la possibilit\u00e9 d\u2019effectuer des\u00a0<strong>TOURS PERSONNALIS\u00c9S<\/strong>\u00a0pour tous les go\u00fbts, y compris pour les membres plus raffin\u00e9s de la famille: <span style=\"text-decoration: underline;\">les enfants<\/span>.<br \/>\nJe suis une amoureuse de mon travaille et j\u2019y mets connaissances, patience et coeur.\u00a0<strong>J\u2019aime Barcelone, j\u2019aime la vie dans cette ville<\/strong>. Je suis continuellement les \u00e9v\u00e9nements culturels, musicaux et gastronomiques. \u00a0\u00a0\u00a0Barcelone est une ville en constante \u00e9volution.<\/p>\n<h5><strong>Comment sont mes tours?:<\/strong><\/h5>\n<p>Non! Je ne suis\u00a0<strong>pas une guide traditionnelle<\/strong>, je l\u2019avoue. Je ne suis pas une machine qui part et qui ne s\u2019arr\u00eate pas de parler. Je n\u2019ai pas de texte pr\u00e9par\u00e9 dans ma t\u00eate sur ce que je vous dirais sans m\u00eame vous conna\u00eetre. Je suis de l\u2019avis de ne pas perdre de temps et de dire \u201cl\u2019essentiel\u201d.\u00a0<strong>Chaque tour est diff\u00e9rent selon la personne qui voyage car il n\u2019y a pas deux personnes identiques<\/strong>.<br \/>\nDans ces tours priv\u00e9s et dans ces visites fa\u00eetes sur mesure,\u00a0<strong>vous pourrez librement choisir si vous pr\u00e9f\u00e9rez faire un parcours du tour classique, ou accepter mes conseils<\/strong>\u00a0sur le fait d\u2019aller dans d\u2019autres endroits moins touristiques. Deux visites dans les m\u00eames endroits de la ville ne sont jamais identiques, ce sont vos visites personnalis\u00e9es!. Pour ne pas mentionner des endroits secrets dont vous aurez \u00e9videmment la possibilit\u00e9 d\u2019entrer. Nous pouvons marcher lentement ou plus vite, voir le plus possible ou vivre l\u2019instant en consacrant le temps aux vraies exp\u00e9riences. Il est \u00e0 vous, moi je vous accompagne.<br \/>\n\u00c0 la fin vous me verrez\u00a0<strong>comme une amie qui organise votre visite et qui fait que l\u2019exp\u00e9rience soit inoubliable<\/strong>.<br \/>\n\u00c0 bient\u00f4t!<br \/>\n<strong>Marina<\/strong><\/p>\n<p style=\"text-align: left;\">(Lire les <strong><a href=\"https:\/\/barcelona365.info\/?page_id=686\">Commentaires<\/a><\/strong> d&rsquo;autres voyageurs)<\/p>\n<\/div>\n<div><\/div>\n<p>[\/vc_column_text][\/vc_column][vc_column width=\u00a0\u00bb1\/3&Prime;][vc_empty_space]<div class=\"grve-element grve-image grve-align-center\" style=\"\"><img loading=\"lazy\" decoding=\"async\" width=\"2048\" height=\"1279\" src=\"https:\/\/barcelona365.info\/wp-content\/uploads\/2017\/12\/Carnet-guia-Marina-\u2013-sense-DNI-scaled.jpg\" class=\"attachment-full size-full\" alt=\"\" srcset=\"https:\/\/barcelona365.info\/wp-content\/uploads\/2017\/12\/Carnet-guia-Marina-\u2013-sense-DNI-scaled.jpg 2048w, https:\/\/barcelona365.info\/wp-content\/uploads\/2017\/12\/Carnet-guia-Marina-\u2013-sense-DNI-300x187.jpg 300w, https:\/\/barcelona365.info\/wp-content\/uploads\/2017\/12\/Carnet-guia-Marina-\u2013-sense-DNI-1024x640.jpg 1024w, https:\/\/barcelona365.info\/wp-content\/uploads\/2017\/12\/Carnet-guia-Marina-\u2013-sense-DNI-768x480.jpg 768w, https:\/\/barcelona365.info\/wp-content\/uploads\/2017\/12\/Carnet-guia-Marina-\u2013-sense-DNI-1536x960.jpg 1536w, https:\/\/barcelona365.info\/wp-content\/uploads\/2017\/12\/Carnet-guia-Marina-\u2013-sense-DNI-1920x1200.jpg 1920w, https:\/\/barcelona365.info\/wp-content\/uploads\/2017\/12\/Carnet-guia-Marina-\u2013-sense-DNI-560x350.jpg 560w\" sizes=\"(max-width: 2048px) 100vw, 2048px\" \/><\/div>[vc_column_text]<\/p>\n<p style=\"text-align: center;\"><a href=\"mailto:info@barcelona365.es\"><strong><span style=\"color: #000000;\">info@barcelona365.es<\/span><\/strong><\/a><strong>\u00a0 \u00a0<\/strong><strong>+34 629 70 90 77<\/strong><\/p>\n<p>[\/vc_column_text][vc_row_inner][vc_column_inner width=\u00a0\u00bb1\/4&Prime;][\/vc_column_inner][vc_column_inner width=\u00a0\u00bb1\/2&Prime;][vc_raw_html]JTNDZGl2JTIwaWQlM0QlMjJUQV9jZXJ0aWZpY2F0ZU9mRXhjZWxsZW5jZTgzNyUyMiUyMGNsYXNzJTNEJTIyVEFfY2VydGlmaWNhdGVPZkV4Y2VsbGVuY2UlMjIlM0UlMEElM0N1bCUyMGlkJTNEJTIybnpNbVdISUlpVCUyMiUyMGNsYXNzJTNEJTIyVEFfbGlua3MlMjBZVzFlQXJxcHNvJTIyJTNFJTBBJTNDbGklMjBpZCUzRCUyMlZHR0c4aCUyMiUyMGNsYXNzJTNEJTIyVFVWN3VNZndRR3lJJTIyJTNFJTBBJTNDYSUyMHRhcmdldCUzRCUyMl9ibGFuayUyMiUyMGhyZWYlM0QlMjJodHRwcyUzQSUyRiUyRnd3dy50cmlwYWR2aXNvci5mciUyRkF0dHJhY3Rpb25fUmV2aWV3LWcxODc0OTctZDMyMjM5NjYtUmV2aWV3cy1CYXJjZWxvbmEzNjVfRGF5X1RvdXItQmFyY2Vsb25hX0NhdGFsb25pYS5odG1sJTIyJTNFJTNDaW1nJTIwc3JjJTNEJTIyaHR0cHMlM0ElMkYlMkZ3d3cudHJpcGFkdmlzb3IuZnIlMkZpbWclMkZjZHNpJTJGaW1nMiUyRmF3YXJkcyUyRkNvRTIwMTdfV2lkZ2V0QXNzZXQtMTQzNDgtMi5wbmclMjIlMjBhbHQlM0QlMjJUcmlwQWR2aXNvciUyMiUyMGNsYXNzJTNEJTIyd2lkQ09FSW1nJTIyJTIwaWQlM0QlMjJDRFNXSURDT0VMT0dPJTIyJTJGJTNFJTNDJTJGYSUzRSUwQSUzQyUyRmxpJTNFJTBBJTNDJTJGdWwlM0UlMEElM0MlMkZkaXYlM0UlMEElM0NzY3JpcHQlMjBzcmMlM0QlMjJodHRwcyUzQSUyRiUyRnd3dy5qc2NhY2hlLmNvbSUyRndlanMlM0Z3dHlwZSUzRGNlcnRpZmljYXRlT2ZFeGNlbGxlbmNlJTI2YW1wJTNCdW5pcSUzRDgzNyUyNmFtcCUzQmxvY2F0aW9uSWQlM0QzMjIzOTY2JTI2YW1wJTNCbGFuZyUzRGZyJTI2YW1wJTNCeWVhciUzRDIwMTclMjZhbXAlM0JkaXNwbGF5X3ZlcnNpb24lM0QyJTIyJTNFJTNDJTJGc2NyaXB0JTNF[\/vc_raw_html][\/vc_column_inner][vc_column_inner width=\u00a0\u00bb1\/4&Prime;][\/vc_column_inner][\/vc_row_inner][\/vc_column][\/vc_row][vc_row][vc_column width=\u00a0\u00bb1\/4&Prime;][\/vc_column][vc_column width=\u00a0\u00bb1\/4&Prime;]<div class=\"grve-element grve-align-left\"><a class=\"grve-btn grve-btn-small grve-square grve-bg-primary-1\" href=\"https:\/\/barcelona365.info\/fr\/barcelone-guide-touristique-tours\/\" target=\"_self\" style=\"\"><span>CHOISISSEZ VOTRE TOUR<\/span><\/a><\/div>[\/vc_column][vc_column width=\u00a0\u00bb1\/4&Prime;]<div class=\"grve-element grve-align-left\"><a class=\"grve-btn grve-btn-small grve-square grve-bg-primary-1\" href=\"https:\/\/barcelona365.info\/fr\/barcelone-guide-touristique-reservez-tour\/\" target=\"_self\" style=\"\"><span>R\u00c9SERVEZ \/ CONSULTEZ-MOI<\/span><\/a><\/div>[\/vc_column][vc_column width=\u00a0\u00bb1\/4&Prime;][\/vc_column][\/vc_row]<\/p>\n<\/div>","protected":false},"excerpt":{"rendered":"<p>[vc_row section_type=\u00a0\u00bbin-container\u00a0\u00bb][vc_column width=\u00a0\u00bb1\/2&Prime;][vc_empty_space height=\u00a0\u00bb100px\u00a0\u00bb][vc_column_text] Je m\u2019appelle\u00a0Marina Bernades. Je suis Guide Officiel en Catalogne (num\u00e9ro de licence 2814). \u00c7a fait long temps que je travaille dans le domaine du tourisme et j\u00b4ai accumuler une grande exp\u00e9rience en tant que guide touristique. J&rsquo;offre le guide en langue fran\u00e7aise, italienne, catalan et espagnol. [\/vc_column_text][\/vc_column][vc_column width=\u00a0\u00bb1\/2&Prime;][\/vc_column][\/vc_row][vc_row][vc_column width=\u00a0\u00bb2\/3&Prime;][vc_column_text] Sur moi: [&hellip;]<\/p>\n","protected":false},"author":1,"featured_media":0,"parent":0,"menu_order":0,"comment_status":"open","ping_status":"closed","template":"","meta":{"footnotes":""},"aioseo_notices":[],"_links":{"self":[{"href":"https:\/\/barcelona365.info\/fr\/wp-json\/wp\/v2\/pages\/1665"}],"collection":[{"href":"https:\/\/barcelona365.info\/fr\/wp-json\/wp\/v2\/pages"}],"about":[{"href":"https:\/\/barcelona365.info\/fr\/wp-json\/wp\/v2\/types\/page"}],"author":[{"embeddable":true,"href":"https:\/\/barcelona365.info\/fr\/wp-json\/wp\/v2\/users\/1"}],"replies":[{"embeddable":true,"href":"https:\/\/barcelona365.info\/fr\/wp-json\/wp\/v2\/comments?post=1665"}],"version-history":[{"count":0,"href":"https:\/\/barcelona365.info\/fr\/wp-json\/wp\/v2\/pages\/1665\/revisions"}],"wp:attachment":[{"href":"https:\/\/barcelona365.info\/fr\/wp-json\/wp\/v2\/media?parent=1665"}],"curies":[{"name":"wp","href":"https:\/\/api.w.org\/{rel}","templated":true}]}}