{"id":3557,"date":"2017-09-01T15:56:00","date_gmt":"2017-09-01T15:56:00","guid":{"rendered":"https:\/\/xn--diseopaginaswebenvalencia-coc.com\/barcelona\/book-now\/?lang=fr"},"modified":"2017-11-23T13:32:05","modified_gmt":"2017-11-23T13:32:05","slug":"barcelone-guide-touristique-reservez-tour","status":"publish","type":"page","link":"https:\/\/barcelona365.info\/fr\/barcelone-guide-touristique-reservez-tour\/","title":{"rendered":"R\u00c9SERVEZ \/ CONSULTEZ-MOI"},"content":{"rendered":"<div class=\"wpb-content-wrapper\"><p>[vc_row][vc_column width=\u00a0\u00bb2\/3&Prime;][vc_column_text]S&rsquo;il vous pla\u00eet <strong>veuillez remplir les champs suivants<\/strong>, cela me permettra de savoir ce qui r\u00e9pond le mieux \u00e0 vos besoins pour vos visites.[\/vc_column_text]\n<div class=\"wpcf7 no-js\" id=\"wpcf7-f4041-o1\" lang=\"fr-FR\" dir=\"ltr\">\n<div class=\"screen-reader-response\"><p role=\"status\" aria-live=\"polite\" aria-atomic=\"true\"><\/p> <ul><\/ul><\/div>\n<form action=\"\/fr\/wp-json\/wp\/v2\/pages\/3557#wpcf7-f4041-o1\" method=\"post\" class=\"wpcf7-form init\" aria-label=\"Formulaire de contact\" novalidate=\"novalidate\" data-status=\"init\">\n<div style=\"display: none;\">\n<input type=\"hidden\" name=\"_wpcf7\" value=\"4041\" \/>\n<input type=\"hidden\" name=\"_wpcf7_version\" value=\"5.9.5\" \/>\n<input type=\"hidden\" name=\"_wpcf7_locale\" value=\"fr_FR\" \/>\n<input type=\"hidden\" name=\"_wpcf7_unit_tag\" value=\"wpcf7-f4041-o1\" \/>\n<input type=\"hidden\" name=\"_wpcf7_container_post\" value=\"0\" \/>\n<input type=\"hidden\" name=\"_wpcf7_posted_data_hash\" value=\"\" \/>\n<\/div>\n<p> Votre Nom et Pr\u00e9nom (obligatoire)\n<\/p>\n<p><span class=\"wpcf7-form-control-wrap\" data-name=\"client-name\"><input size=\"40\" class=\"wpcf7-form-control wpcf7-text wpcf7-validates-as-required\" aria-required=\"true\" aria-invalid=\"false\" value=\"\" type=\"text\" name=\"client-name\" \/><\/span>\n<\/p>\n<p> Votre e-mail (obligatoire)\n<\/p>\n<p><span class=\"wpcf7-form-control-wrap\" data-name=\"client-email\"><input size=\"40\" class=\"wpcf7-form-control wpcf7-email wpcf7-validates-as-required wpcf7-text wpcf7-validates-as-email\" aria-required=\"true\" aria-invalid=\"false\" value=\"\" type=\"email\" name=\"client-email\" \/><\/span>\n<\/p>\n<p> Tours Demand\u00e9\u00c9\n<\/p>\n<p><span class=\"wpcf7-form-control-wrap\" data-name=\"RequestedTour\"><select class=\"wpcf7-form-control wpcf7-select\" id=\"RequestedTour\" aria-invalid=\"false\" name=\"RequestedTour\"><option value=\"(CLIQUEZ ICI ET FAITES D\u00c9FILER)\">(CLIQUEZ ICI ET FAITES D\u00c9FILER)<\/option><option value=\"01. Les \u00ab Incontournables \u00bb de Barcelone (2x4h)\">01. Les \u00ab Incontournables \u00bb de Barcelone (2x4h)<\/option><option value=\"02. Barcelone en 4 Heures (4h)\">02. Barcelone en 4 Heures (4h)<\/option><option value=\"03. Gaud\u00ed: Sagrada Familia, Park G\u00fcell et plus (4h)\">03. Gaud\u00ed: Sagrada Familia, Park G\u00fcell et plus (4h)<\/option><option value=\"04. Le Quartier Gothique \u00e0 Pied (4h)\">04. Le Quartier Gothique \u00e0 Pied (4h)<\/option><option value=\"05. March\u00e9s et Boutiques: Testez et Admirez (4h)\">05. March\u00e9s et Boutiques: Testez et Admirez (4h)<\/option><option value=\"06. Tapas dans la Vieille Ville avec Flamenco (3,5h + 1h)\">06. Tapas dans la Vieille Ville avec Flamenco (3,5h + 1h)<\/option><option value=\"07. Le Quarteir Juif et La Synagogue Majeure (3h)\">07. Le Quarteir Juif et La Synagogue Majeure (3h)<\/option><option value=\"08. Deux Quartiers Populaire (4h)\">08. Deux Quartiers Populaire (4h)<\/option><option value=\"09. La Barcelone de Picasso (4h)\">09. La Barcelone de Picasso (4h)<\/option><option value=\"\"><\/option><option value=\"Exc01. Montserrat (6h Dehors de Barcelone)\">Exc01. Montserrat (6h Dehors de Barcelone)<\/option><option value=\"Exc02. Vins Mousseux d\u2019une Entreprise Familiale (5h)\">Exc02. Vins Mousseux d\u2019une Entreprise Familiale (5h)<\/option><option value=\"Exc03. Mus\u00e9e de Dal\u00ed et G\u00e9ronne (9h dehors de Bcn)\">Exc03. Mus\u00e9e de Dal\u00ed et G\u00e9ronne (9h dehors de Bcn)<\/option><option value=\"Exc04. Costa Brava \u2013 Chemin de la Costa (9h)\">Exc04. Costa Brava \u2013 Chemin de la Costa (9h)<\/option><option value=\"EXC05. Cadaqu\u00e8s &amp; Maison Dal\u00ed &amp; Sant Pere Rodes (10h)\">EXC05. Cadaqu\u00e8s &amp; Maison Dal\u00ed &amp; Sant Pere Rodes (10h)<\/option><option value=\"\"><\/option><option value=\"Transfert depuis l&#039;A\u00e9roport ou Terminal de la Croisi\u00e8re\">Transfert depuis l&#039;A\u00e9roport ou Terminal de la Croisi\u00e8re<\/option><\/select><\/span>\n<\/p>\n<p> Date(s) du (ou des) Tour(s)\n<\/p>\n<p><span class=\"wpcf7-form-control-wrap\" data-name=\"Date-tour\"><input size=\"40\" class=\"wpcf7-form-control wpcf7-text\" aria-invalid=\"false\" value=\"\" type=\"text\" name=\"Date-tour\" \/><\/span>\n<\/p>\n<p> Nombre de Personnes\n<\/p>\n<p><span class=\"wpcf7-form-control-wrap\" data-name=\"number-people\"><input class=\"wpcf7-form-control wpcf7-number wpcf7-validates-as-number\" aria-invalid=\"false\" value=\"\" type=\"number\" name=\"number-people\" \/><\/span>\n<\/p>\n<p> Votre message\n<\/p>\n<p><span class=\"wpcf7-form-control-wrap\" data-name=\"client-message\"><textarea cols=\"40\" rows=\"10\" class=\"wpcf7-form-control wpcf7-textarea\" aria-invalid=\"false\" name=\"client-message\"><\/textarea><\/span>\n<\/p>\n<p> Code de S\u00e9curit\u00e9\n<\/p>\n<p><input type=\"hidden\" name=\"_wpcf7_captcha_challenge_captcha-503\" value=\"3717955229\" \/><img loading=\"lazy\" decoding=\"async\" class=\"wpcf7-form-control wpcf7-captchac wpcf7-captcha-captcha-503\" width=\"72\" height=\"24\" alt=\"captcha\" src=\"https:\/\/barcelona365.info\/wp-content\/uploads\/wpcf7_captcha\/3717955229.png\" \/>\n<\/p>\n<p><span class=\"wpcf7-form-control-wrap\" data-name=\"captcha-503\"><input size=\"40\" class=\"wpcf7-form-control wpcf7-captchar\" autocomplete=\"off\" aria-invalid=\"false\" value=\"\" type=\"text\" name=\"captcha-503\" \/><\/span>\n<\/p>\n<p><input class=\"wpcf7-form-control wpcf7-submit has-spinner\" type=\"submit\" value=\"Envoyer\" \/>\n<\/p><p style=\"display: none !important;\" class=\"akismet-fields-container\" data-prefix=\"_wpcf7_ak_\"><label>&#916;<textarea name=\"_wpcf7_ak_hp_textarea\" cols=\"45\" rows=\"8\" maxlength=\"100\"><\/textarea><\/label><input type=\"hidden\" id=\"ak_js_1\" name=\"_wpcf7_ak_js\" value=\"205\"\/><script>document.getElementById( \"ak_js_1\" ).setAttribute( \"value\", ( new Date() ).getTime() );<\/script><\/p><div class=\"wpcf7-response-output\" aria-hidden=\"true\"><\/div>\n<\/form>\n<\/div>\n[\/vc_column][vc_column width=\u00a0\u00bb1\/3&Prime;]<div class=\"grve-element grve-image grve-align-center\" style=\"\"><img loading=\"lazy\" decoding=\"async\" width=\"625\" height=\"519\" src=\"https:\/\/barcelona365.info\/wp-content\/uploads\/2015\/02\/Foto-Francesc.jpg\" class=\"attachment-full size-full\" alt=\"\" srcset=\"https:\/\/barcelona365.info\/wp-content\/uploads\/2015\/02\/Foto-Francesc.jpg 625w, https:\/\/barcelona365.info\/wp-content\/uploads\/2015\/02\/Foto-Francesc-300x249.jpg 300w, https:\/\/barcelona365.info\/wp-content\/uploads\/2015\/02\/Foto-Francesc-560x465.jpg 560w\" sizes=\"(max-width: 625px) 100vw, 625px\" \/><\/div>[vc_column_text]Ema<span style=\"color: #000000;\">il: <\/span><a href=\"mailto:info@barcelona365.es\"><strong><span style=\"color: #000000;\">info@barcelona365.<\/span><\/strong><span style=\"color: #000000;\">es<\/span><br \/>\n<\/a>T\u00e9l\u00e9phone: <strong>+34 629 70 90 77<\/strong> (J&rsquo;utilise <strong>WhatsApp<\/strong> mais quand je suis dans un tour je ne peux pas vous r\u00e9pondre tout de suite)[\/vc_column_text][vc_row_inner][vc_column_inner width=\u00a0\u00bb1\/4&Prime;][\/vc_column_inner][vc_column_inner width=\u00a0\u00bb1\/2&Prime;][vc_raw_html]JTNDZGl2JTIwaWQlM0QlMjJUQV9jZXJ0aWZpY2F0ZU9mRXhjZWxsZW5jZTgzNyUyMiUyMGNsYXNzJTNEJTIyVEFfY2VydGlmaWNhdGVPZkV4Y2VsbGVuY2UlMjIlM0UlMEElM0N1bCUyMGlkJTNEJTIybnpNbVdISUlpVCUyMiUyMGNsYXNzJTNEJTIyVEFfbGlua3MlMjBZVzFlQXJxcHNvJTIyJTNFJTBBJTNDbGklMjBpZCUzRCUyMlZHR0c4aCUyMiUyMGNsYXNzJTNEJTIyVFVWN3VNZndRR3lJJTIyJTNFJTBBJTNDYSUyMHRhcmdldCUzRCUyMl9ibGFuayUyMiUyMGhyZWYlM0QlMjJodHRwcyUzQSUyRiUyRnd3dy50cmlwYWR2aXNvci5mciUyRkF0dHJhY3Rpb25fUmV2aWV3LWcxODc0OTctZDMyMjM5NjYtUmV2aWV3cy1CYXJjZWxvbmEzNjVfRGF5X1RvdXItQmFyY2Vsb25hX0NhdGFsb25pYS5odG1sJTIyJTNFJTNDaW1nJTIwc3JjJTNEJTIyaHR0cHMlM0ElMkYlMkZ3d3cudHJpcGFkdmlzb3IuZnIlMkZpbWclMkZjZHNpJTJGaW1nMiUyRmF3YXJkcyUyRkNvRTIwMTdfV2lkZ2V0QXNzZXQtMTQzNDgtMi5wbmclMjIlMjBhbHQlM0QlMjJUcmlwQWR2aXNvciUyMiUyMGNsYXNzJTNEJTIyd2lkQ09FSW1nJTIyJTIwaWQlM0QlMjJDRFNXSURDT0VMT0dPJTIyJTJGJTNFJTNDJTJGYSUzRSUwQSUzQyUyRmxpJTNFJTBBJTNDJTJGdWwlM0UlMEElM0MlMkZkaXYlM0UlMEElM0NzY3JpcHQlMjBzcmMlM0QlMjJodHRwcyUzQSUyRiUyRnd3dy5qc2NhY2hlLmNvbSUyRndlanMlM0Z3dHlwZSUzRGNlcnRpZmljYXRlT2ZFeGNlbGxlbmNlJTI2YW1wJTNCdW5pcSUzRDgzNyUyNmFtcCUzQmxvY2F0aW9uSWQlM0QzMjIzOTY2JTI2YW1wJTNCbGFuZyUzRGZyJTI2YW1wJTNCeWVhciUzRDIwMTclMjZhbXAlM0JkaXNwbGF5X3ZlcnNpb24lM0QyJTIyJTNFJTNDJTJGc2NyaXB0JTNF[\/vc_raw_html][\/vc_column_inner][vc_column_inner width=\u00a0\u00bb1\/4&Prime;][\/vc_column_inner][\/vc_row_inner][vc_empty_space height=\u00a0\u00bb42px\u00a0\u00bb][vc_column_text]<\/p>\n<h5 style=\"text-align: center;\">PAIEMENT PAYPAL<\/h5>\n<p>[\/vc_column_text][vc_raw_html]JTNDZm9ybSUyMGFjdGlvbiUzRCUyMmh0dHBzJTNBJTJGJTJGcGF5cGFsLm1lJTJGYmFyY2Vsb25hMzY1JTIyJTIwbWV0aG9kJTNEJTIycG9zdCUyMiUyMHRhcmdldCUzRCUyMl90b3AlMjIlM0UlMEElM0NpbnB1dCUyMHR5cGUlM0QlMjJoaWRkZW4lMjIlMjBuYW1lJTNEJTIyY21kJTIyJTIwdmFsdWUlM0QlMjJfcy14Y2xpY2slMjIlM0UlMEElM0NpbnB1dCUyMHR5cGUlM0QlMjJoaWRkZW4lMjIlMjBuYW1lJTNEJTIyaG9zdGVkX2J1dHRvbl9pZCUyMiUyMHZhbHVlJTNEJTIyUjhENTVWNVFVV1MzOCUyMiUzRSUwQSUzQ3RhYmxlJTNFJTBBJTNDdHIlM0UlM0N0ZCUzRSUzQ2lucHV0JTIwdHlwZSUzRCUyMmhpZGRlbiUyMiUyMG5hbWUlM0QlMjJvbjAlMjIlMjB2YWx1ZSUzRCUyMkVudHJleiUyMHZvdHJlJTIwbm9tJTIwZXQlMjBsYSUyMGRhdGUlMjBkZSUyMHIlQzMlQTlzZXJ2YXRpb24lMjIlM0VFbnRyZXolMjB2b3RyZSUyMG5vbSUyMGV0JTIwbGElMjBkYXRlJTIwZGUlMjByJUMzJUE5c2VydmF0aW9uJTNDJTJGdGQlM0UlM0MlMkZ0ciUzRSUzQ3RyJTNFJTNDdGQlM0UlM0NpbnB1dCUyMHR5cGUlM0QlMjJ0ZXh0JTIyJTIwbmFtZSUzRCUyMm9zMCUyMiUyMG1heGxlbmd0aCUzRCUyMjIwMCUyMiUzRSUzQyUyRnRkJTNFJTNDJTJGdHIlM0UlMEElM0MlMkZ0YWJsZSUzRSUwQSUzQ2lucHV0JTIwdHlwZSUzRCUyMmltYWdlJTIyJTIwc3JjJTNEJTIyaHR0cHMlM0ElMkYlMkZ3d3cucGF5cGFsb2JqZWN0cy5jb20lMkZlbl9VUyUyRkVTJTJGaSUyRmJ0biUyRmJ0bl9wYXlub3dDQ19MRy5naWYlMjIlMjBib3JkZXIlM0QlMjIwJTIyJTIwbmFtZSUzRCUyMnN1Ym1pdCUyMiUyMGFsdCUzRCUyMlBheVBhbCUyMC0lMjBUaGUlMjBzYWZlciUyQyUyMGVhc2llciUyMHdheSUyMHRvJTIwcGF5JTIwb25saW5lJTIxJTIyJTNFJTBBJTNDaW1nJTIwYWx0JTNEJTIyJTIyJTIwYm9yZGVyJTNEJTIyMCUyMiUyMHNyYyUzRCUyMmh0dHBzJTNBJTJGJTJGd3d3LnBheXBhbG9iamVjdHMuY29tJTJGZW5fVVMlMkZpJTJGc2NyJTJGcGl4ZWwuZ2lmJTIyJTIwd2lkdGglM0QlMjIxJTIyJTIwaGVpZ2h0JTNEJTIyMSUyMiUzRSUwQSUzQyUyRmZvcm0lM0U=[\/vc_raw_html][\/vc_column][\/vc_row]<\/p>\n<\/div>","protected":false},"excerpt":{"rendered":"<p>[vc_row][vc_column width=\u00a0\u00bb2\/3&Prime;][vc_column_text]S&rsquo;il vous pla\u00eet veuillez remplir les champs suivants, cela me permettra de savoir ce qui r\u00e9pond le mieux \u00e0 vos besoins pour vos visites.[\/vc_column_text][\/vc_column][vc_column width=\u00a0\u00bb1\/3&Prime;][vc_column_text]Email: info@barcelona365.es T\u00e9l\u00e9phone: +34 629 70 90 77 (J&rsquo;utilise WhatsApp mais quand je suis dans un tour je ne peux pas vous r\u00e9pondre tout de suite)[\/vc_column_text][vc_row_inner][vc_column_inner width=\u00a0\u00bb1\/4&Prime;][\/vc_column_inner][vc_column_inner width=\u00a0\u00bb1\/2&Prime;][vc_raw_html]JTNDZGl2JTIwaWQlM0QlMjJUQV9jZXJ0aWZpY2F0ZU9mRXhjZWxsZW5jZTgzNyUyMiUyMGNsYXNzJTNEJTIyVEFfY2VydGlmaWNhdGVPZkV4Y2VsbGVuY2UlMjIlM0UlMEElM0N1bCUyMGlkJTNEJTIybnpNbVdISUlpVCUyMiUyMGNsYXNzJTNEJTIyVEFfbGlua3MlMjBZVzFlQXJxcHNvJTIyJTNFJTBBJTNDbGklMjBpZCUzRCUyMlZHR0c4aCUyMiUyMGNsYXNzJTNEJTIyVFVWN3VNZndRR3lJJTIyJTNFJTBBJTNDYSUyMHRhcmdldCUzRCUyMl9ibGFuayUyMiUyMGhyZWYlM0QlMjJodHRwcyUzQSUyRiUyRnd3dy50cmlwYWR2aXNvci5mciUyRkF0dHJhY3Rpb25fUmV2aWV3LWcxODc0OTctZDMyMjM5NjYtUmV2aWV3cy1CYXJjZWxvbmEzNjVfRGF5X1RvdXItQmFyY2Vsb25hX0NhdGFsb25pYS5odG1sJTIyJTNFJTNDaW1nJTIwc3JjJTNEJTIyaHR0cHMlM0ElMkYlMkZ3d3cudHJpcGFkdmlzb3IuZnIlMkZpbWclMkZjZHNpJTJGaW1nMiUyRmF3YXJkcyUyRkNvRTIwMTdfV2lkZ2V0QXNzZXQtMTQzNDgtMi5wbmclMjIlMjBhbHQlM0QlMjJUcmlwQWR2aXNvciUyMiUyMGNsYXNzJTNEJTIyd2lkQ09FSW1nJTIyJTIwaWQlM0QlMjJDRFNXSURDT0VMT0dPJTIyJTJGJTNFJTNDJTJGYSUzRSUwQSUzQyUyRmxpJTNFJTBBJTNDJTJGdWwlM0UlMEElM0MlMkZkaXYlM0UlMEElM0NzY3JpcHQlMjBzcmMlM0QlMjJodHRwcyUzQSUyRiUyRnd3dy5qc2NhY2hlLmNvbSUyRndlanMlM0Z3dHlwZSUzRGNlcnRpZmljYXRlT2ZFeGNlbGxlbmNlJTI2YW1wJTNCdW5pcSUzRDgzNyUyNmFtcCUzQmxvY2F0aW9uSWQlM0QzMjIzOTY2JTI2YW1wJTNCbGFuZyUzRGZyJTI2YW1wJTNCeWVhciUzRDIwMTclMjZhbXAlM0JkaXNwbGF5X3ZlcnNpb24lM0QyJTIyJTNFJTNDJTJGc2NyaXB0JTNF[\/vc_raw_html][\/vc_column_inner][vc_column_inner width=\u00a0\u00bb1\/4&Prime;][\/vc_column_inner][\/vc_row_inner][vc_empty_space height=\u00a0\u00bb42px\u00a0\u00bb][vc_column_text] [&hellip;]<\/p>\n","protected":false},"author":1,"featured_media":0,"parent":0,"menu_order":0,"comment_status":"open","ping_status":"closed","template":"","meta":{"footnotes":""},"aioseo_notices":[],"_links":{"self":[{"href":"https:\/\/barcelona365.info\/fr\/wp-json\/wp\/v2\/pages\/3557"}],"collection":[{"href":"https:\/\/barcelona365.info\/fr\/wp-json\/wp\/v2\/pages"}],"about":[{"href":"https:\/\/barcelona365.info\/fr\/wp-json\/wp\/v2\/types\/page"}],"author":[{"embeddable":true,"href":"https:\/\/barcelona365.info\/fr\/wp-json\/wp\/v2\/users\/1"}],"replies":[{"embeddable":true,"href":"https:\/\/barcelona365.info\/fr\/wp-json\/wp\/v2\/comments?post=3557"}],"version-history":[{"count":0,"href":"https:\/\/barcelona365.info\/fr\/wp-json\/wp\/v2\/pages\/3557\/revisions"}],"wp:attachment":[{"href":"https:\/\/barcelona365.info\/fr\/wp-json\/wp\/v2\/media?parent=3557"}],"curies":[{"name":"wp","href":"https:\/\/api.w.org\/{rel}","templated":true}]}}