{"id":1401,"date":"2017-05-01T09:54:07","date_gmt":"2017-05-01T09:54:07","guid":{"rendered":"https:\/\/xn--diseopaginaswebenvalencia-coc.com\/barcelona\/?page_id=1401&#038;lang=it"},"modified":"2017-11-20T13:21:20","modified_gmt":"2017-11-20T13:21:20","slug":"barcellona-guida-turistica-privata-tour-gita-escursione-termini-condizioni","status":"publish","type":"page","link":"https:\/\/barcelona365.info\/it\/barcellona-guida-turistica-privata-tour-gita-escursione-termini-condizioni\/","title":{"rendered":"TERMINI E CONDIZIONI"},"content":{"rendered":"<div class=\"wpb-content-wrapper\"><p>[vc_row][vc_column][vc_column_text]<strong><u>Condizioni di\u00a0<\/u><\/strong><strong><u>Cancellazione<br \/>\n<\/u><\/strong>Se si cancella un tour <strong>48 ore prima<\/strong> del suo inizio, sar\u00e0 <strong>rimborsato il versato\u00a0<\/strong>a conto\u00a0ad eccezione dei costi di transazione ed i prezzi aggiuntivi (come riserve delle entrate, dei veicoli\u2026). <strong>Se<\/strong>\u00a0la cancellazione viene effettuata\u00a0<strong>48 ore o meno prima dell&#8217;inizio<\/strong>\u00a0del tour, questo verr\u00e0 considerato un \u201cno show\u201d e <strong>non ci saranno rimborsi.<br \/>\n<\/strong>Nel caso Barcelona365 cancelli il servizio dovuto a <strong>forza maggiore<\/strong>, che rende impossibile il corretto svolgimento del servizio, come per esempio per condizioni meteorologiche, contatteremo il cliente e <strong>o bene<\/strong>\u00a0<strong>rimborseremo il pago a conto\u00a0<\/strong>(ad eccezione del costo della transazione che non sono rimborsabili)<strong> oppure possiamo concordare una nuova data senza costi aggiuntivi.<\/strong><\/p>\n<p><strong><u>Il cliente ha la responsabilit\u00e0 di<\/u><\/strong> presentarsi puntuale al punto di incontro. Qualora ci fosse un ritardo da parte del cliente, il tour non sar\u00e0 prolungato, e <strong>se il ritardo \u00e8 superiore ai 30 minuti senza che il cliente dia avviso alla guida, sar\u00e0 considerato un \u201cno show\u201d e non sar\u00e0 rimborsato.<\/strong><\/p>\n<p><strong><u>Escursioni per i clienti che vengono in crociera<br \/>\n<\/u><\/strong>Le condizioni menzionate prima vengono applicate anche alle escursioni a terra, ma nei seguenti casi avrete i seguenti diritti:<br \/>\nSe la vostra nave da crociera <strong>non pu\u00f2 attraccare a Barcellona<\/strong>, a causa di maltempo o decisioni prese dalla compagnia di crociera, sar\u00e0 <strong>rimborsato<\/strong> <strong>il versato\u00a0a conto\u00a0del tour<\/strong> ad eccezione dei costi di transazione ed i prezzi aggiuntivi (come riserve delle entrate, dei veicoli\u2026). Il cliente ha la responsabilit\u00e0 di comunicare gli eventuali cambi in quanto sia informato (un ritardo pu\u00f2 portare al non rimborso).<br \/>\nSe la <strong>compagnia di crociera dovesse riprogrammare lo scalo<\/strong> all\u2019ultimo minuto e non possiamo iniziare il tour all\u2019ora stabilita, inizieremo il tour quando sar\u00e0 possibile, e se non fosse possibile affatto, <strong>il versato<\/strong>\u00a0a conto sar\u00e0 <strong>rimborsato<\/strong>\u00a0ad eccezione dei costi di transazione ed i prezzi aggiuntivi (come riserve delle entrate, dei veicoli\u2026). \u00a0Il cliente ha la responsabilit\u00e0 di comunicare gli eventuali cambi in quanto sia informato (un ritardo pu\u00f2 portare al non rimborso).[\/vc_column_text]<div class=\"grve-element grve-gallery grve-isotope grve-gallery-popup\" style=\"\" data-gutter=\"yes\" data-type=\"4-columns\" data-layout=\"fitRows\"><div class=\"grve-isotope-container\"><div class=\"grve-isotope-item \"><a href=\"https:\/\/barcelona365.info\/wp-content\/uploads\/2016\/02\/Mercedes-Minivan-Creuer-1-1.jpg\"><figure class=\"grve-image-hover grve-zoom-in\"><div class=\"grve-media grve-dark-overlay grve-opacity-80\"><img loading=\"lazy\" decoding=\"async\" width=\"163\" height=\"163\" src=\"https:\/\/barcelona365.info\/wp-content\/uploads\/2016\/02\/Mercedes-Minivan-Creuer-1-1.jpg\" class=\"attachment-grve-image-small-square size-grve-image-small-square\" alt=\"\" srcset=\"https:\/\/barcelona365.info\/wp-content\/uploads\/2016\/02\/Mercedes-Minivan-Creuer-1-1.jpg 163w, https:\/\/barcelona365.info\/wp-content\/uploads\/2016\/02\/Mercedes-Minivan-Creuer-1-1-150x150.jpg 150w, https:\/\/barcelona365.info\/wp-content\/uploads\/2016\/02\/Mercedes-Minivan-Creuer-1-1-80x80.jpg 80w, https:\/\/barcelona365.info\/wp-content\/uploads\/2016\/02\/Mercedes-Minivan-Creuer-1-1-100x100.jpg 100w\" sizes=\"(max-width: 163px) 100vw, 163px\" \/><\/div><figcaption><h6 class=\"grve-title grve-dark\">Cruise Ship Terminal \/ Chauffeured Vehicle<\/h6><\/figcaption><\/figure><\/a><\/div><div class=\"grve-isotope-item \"><a href=\"https:\/\/barcelona365.info\/wp-content\/uploads\/2016\/02\/satisfaccion.jpg\"><figure class=\"grve-image-hover grve-zoom-in\"><div class=\"grve-media grve-dark-overlay grve-opacity-80\"><img loading=\"lazy\" decoding=\"async\" width=\"224\" height=\"224\" src=\"https:\/\/barcelona365.info\/wp-content\/uploads\/2016\/02\/satisfaccion.jpg\" class=\"attachment-grve-image-small-square size-grve-image-small-square\" alt=\"\" srcset=\"https:\/\/barcelona365.info\/wp-content\/uploads\/2016\/02\/satisfaccion.jpg 224w, https:\/\/barcelona365.info\/wp-content\/uploads\/2016\/02\/satisfaccion-150x150.jpg 150w, https:\/\/barcelona365.info\/wp-content\/uploads\/2016\/02\/satisfaccion-80x80.jpg 80w, https:\/\/barcelona365.info\/wp-content\/uploads\/2016\/02\/satisfaccion-100x100.jpg 100w\" sizes=\"(max-width: 224px) 100vw, 224px\" \/><\/div><figcaption><h6 class=\"grve-title grve-dark\">Satisfaction<\/h6><\/figcaption><\/figure><\/a><\/div><div class=\"grve-isotope-item \"><a href=\"https:\/\/barcelona365.info\/wp-content\/uploads\/2016\/02\/G_calidad.jpg\"><figure class=\"grve-image-hover grve-zoom-in\"><div class=\"grve-media grve-dark-overlay grve-opacity-80\"><img loading=\"lazy\" decoding=\"async\" width=\"233\" height=\"233\" src=\"https:\/\/barcelona365.info\/wp-content\/uploads\/2016\/02\/G_calidad.jpg\" class=\"attachment-grve-image-small-square size-grve-image-small-square\" alt=\"\" srcset=\"https:\/\/barcelona365.info\/wp-content\/uploads\/2016\/02\/G_calidad.jpg 233w, https:\/\/barcelona365.info\/wp-content\/uploads\/2016\/02\/G_calidad-150x150.jpg 150w, https:\/\/barcelona365.info\/wp-content\/uploads\/2016\/02\/G_calidad-80x80.jpg 80w, https:\/\/barcelona365.info\/wp-content\/uploads\/2016\/02\/G_calidad-100x100.jpg 100w\" sizes=\"(max-width: 233px) 100vw, 233px\" \/><\/div><figcaption><h6 class=\"grve-title grve-dark\">Satisfaction<\/h6><\/figcaption><\/figure><\/a><\/div><div class=\"grve-isotope-item \"><a href=\"https:\/\/barcelona365.info\/wp-content\/uploads\/2016\/02\/35-2014-03-07-agreements90-1.jpg\"><figure class=\"grve-image-hover grve-zoom-in\"><div class=\"grve-media grve-dark-overlay grve-opacity-80\"><img loading=\"lazy\" decoding=\"async\" width=\"355\" height=\"355\" src=\"https:\/\/barcelona365.info\/wp-content\/uploads\/2016\/02\/35-2014-03-07-agreements90-1.jpg\" class=\"attachment-grve-image-small-square size-grve-image-small-square\" alt=\"\" srcset=\"https:\/\/barcelona365.info\/wp-content\/uploads\/2016\/02\/35-2014-03-07-agreements90-1.jpg 355w, https:\/\/barcelona365.info\/wp-content\/uploads\/2016\/02\/35-2014-03-07-agreements90-1-300x300.jpg 300w, https:\/\/barcelona365.info\/wp-content\/uploads\/2016\/02\/35-2014-03-07-agreements90-1-150x150.jpg 150w, https:\/\/barcelona365.info\/wp-content\/uploads\/2016\/02\/35-2014-03-07-agreements90-1-80x80.jpg 80w, https:\/\/barcelona365.info\/wp-content\/uploads\/2016\/02\/35-2014-03-07-agreements90-1-100x100.jpg 100w\" sizes=\"(max-width: 355px) 100vw, 355px\" \/><\/div><figcaption><h6 class=\"grve-title grve-dark\">Satisfaction<\/h6><\/figcaption><\/figure><\/a><\/div><\/div><\/div>[\/vc_column][\/vc_row]<\/p>\n<\/div>","protected":false},"excerpt":{"rendered":"<p>[vc_row][vc_column][vc_column_text]Condizioni di\u00a0Cancellazione Se si cancella un tour 48 ore prima del suo inizio, sar\u00e0 rimborsato il versato\u00a0a conto\u00a0ad eccezione dei costi di transazione ed i prezzi aggiuntivi (come riserve delle entrate, dei veicoli\u2026). Se\u00a0la cancellazione viene effettuata\u00a048 ore o meno prima dell&#8217;inizio\u00a0del tour, questo verr\u00e0 considerato un \u201cno show\u201d e non ci saranno rimborsi. Nel [&hellip;]<\/p>\n","protected":false},"author":1,"featured_media":0,"parent":0,"menu_order":0,"comment_status":"closed","ping_status":"closed","template":"","meta":{"footnotes":""},"aioseo_notices":[],"_links":{"self":[{"href":"https:\/\/barcelona365.info\/it\/wp-json\/wp\/v2\/pages\/1401"}],"collection":[{"href":"https:\/\/barcelona365.info\/it\/wp-json\/wp\/v2\/pages"}],"about":[{"href":"https:\/\/barcelona365.info\/it\/wp-json\/wp\/v2\/types\/page"}],"author":[{"embeddable":true,"href":"https:\/\/barcelona365.info\/it\/wp-json\/wp\/v2\/users\/1"}],"replies":[{"embeddable":true,"href":"https:\/\/barcelona365.info\/it\/wp-json\/wp\/v2\/comments?post=1401"}],"version-history":[{"count":0,"href":"https:\/\/barcelona365.info\/it\/wp-json\/wp\/v2\/pages\/1401\/revisions"}],"wp:attachment":[{"href":"https:\/\/barcelona365.info\/it\/wp-json\/wp\/v2\/media?parent=1401"}],"curies":[{"name":"wp","href":"https:\/\/api.w.org\/{rel}","templated":true}]}}