{"id":1501,"date":"2017-07-01T15:55:25","date_gmt":"2017-07-01T15:55:25","guid":{"rendered":"https:\/\/xn--diseopaginaswebenvalencia-coc.com\/barcelona\/?page_id=1501&#038;lang=it"},"modified":"2018-09-17T15:24:06","modified_gmt":"2018-09-17T15:24:06","slug":"barcellona-guida-turistica-privata-tour-gita-escursione-francesc-garcia","status":"publish","type":"page","link":"https:\/\/barcelona365.info\/it\/barcellona-guida-turistica-privata-tour-gita-escursione-francesc-garcia\/","title":{"rendered":"CHI SONO"},"content":{"rendered":"<div class=\"wpb-content-wrapper\"><p>[vc_row section_type=&#8221;in-container&#8221;][vc_column width=&#8221;1\/2&#8243;][vc_empty_space height=&#8221;60px&#8221;][vc_column_text]<\/p>\n<div id=\"page-header\">\n<div id=\"breadcrumbs\">\n<h3><\/h3>\n<h3><strong>Mi chiamo Francesc Garcia e sono Guida ufficiale in Catalogna (numero licenza<\/strong><strong> 2753). Lavoro nel campo del turismo da anni accumulando una vasta esperienza come guida turistica.<\/strong><\/h3>\n<h3><strong>Offro le guide in lingua italiana, catalana, spagnola e inglese.<\/strong><\/h3>\n<\/div>\n<\/div>\n<p>[\/vc_column_text][\/vc_column][vc_column width=&#8221;1\/2&#8243;]<div class=\"grve-element grve-video\" style=\"\"><iframe loading=\"lazy\" width=\"1080\" height=\"608\" src=\"https:\/\/www.youtube.com\/embed\/K-1bBTv3qRA?feature=oembed\" frameborder=\"0\" allowfullscreen><\/iframe><\/div>[\/vc_column][\/vc_row][vc_row][vc_column width=&#8221;2\/3&#8243;][vc_column_text]<\/p>\n<div id=\"page-header\">\n<h5><strong>La mia storia:<\/strong><\/h5>\n<p>Sono <strong>nato e cresciuto a Barcellona<\/strong>. A 14 anni mi sono trasferito con la famiglia sulla<strong> Costa Brava<\/strong> (ad un\u2019ora da Barcellona). E pi\u00f9 tardi, l\u2019amore mi ha portato a vivere a <strong>Brescia per due anni e mezzo<\/strong>. Il 2001, sono ritornato in\u00a0Spagna e mi sono stabilito a <strong>Barcellona<\/strong>, dove vivo tutt\u2019ora.<br \/>\nMentre vivevo sulla Costa Brava, durante i miei <strong>studi di Economia<\/strong>, ho iniziato a lavorare con i viaggiatori durante l\u2019estate e ci\u00f2 ha svegliato in me la passione per la storia e cultura di Barcellona e della Catalogna. Mi ha condotto a riorganizzare la mia professione verso il mondo del turismo, finch\u00e9 nel<strong> 2010 ho ottenuto la mia licenza di Guida Turistica<\/strong>.<br \/>\nFu allora che <strong>ho creato<\/strong> <strong>\u201cBarcelona365\u201d<\/strong>, il lavoro al quale dedico tutto il mio tempo e la mia passione (dicono che se ti piace quello che fai non lavorerai mai pi\u00f9 ed io ho la fortuna di poterlo affermare).<br \/>\nAdesso, in quanto sono piccolo imprenditore, ho la <strong>mia propria impresa<\/strong> e con successo posso dire, finno il punto di disporre di <strong>una piccola selezione di colleghi guide ufficiali <\/strong>che mi danno una mano nel caso che non possa accompagnare personalmente uno dei miei viaggiatori (ovviamente, previa approvazione dei miei clienti).<\/p>\n<h5><strong>Il mio stile di \u201cguida\u201d:<\/strong><\/h5>\n<p>I miei clienti dicono che ho una grande <strong>passione e entusiasmo<\/strong> quando insegno la mia citt\u00e0 o altri luoghi della Catalogna. Ebbene, mi metto nei loro panni e penso: <strong>un viaggio a volte \u00e8 il risultato di parecchio tempo, a volte mesi o anni, di preparazione.<\/strong> Quando si viaggia si visitano luoghi sconosciuti, ma si desidera che <strong>tutto sia perfetto<\/strong>: il volo, l\u2019albergo e ovviamente conoscere il posto.<br \/>\nSe decidete di rivolgervi ad una <strong>guida turistica privata<\/strong>, mi rendo conto che lo farete perch\u00e9 pensate che sia il miglior modo di\u00a0conoscere il posto. Quindi la mia responsabilit\u00e0 \u00e8 enorme <strong>per soddisfare le vostre aspettative<\/strong>.\u00a0Ecco perch\u00e9 far\u00f2 tutto ci\u00f2 che \u00e8 in mio potere per rendere il vostro viaggio perfetto.<\/p>\n<p>La mia intenzione \u00e8 di <strong>consegnare<\/strong> non solo l<strong>a mia conoscenza di guida turistica<\/strong>, ma anche la <strong>mia esperienza di autoctono di Barcellona e Catalogna e farvi vivere un esperienza locale<\/strong>.<\/p>\n<p style=\"text-align: center;\">Se ci\u00f2 che desiderate \u00e8 un tour fatto su misura per voi, allora <strong>lascatevi semplicemente sbalordire<\/strong>!!!!<\/p>\n<p style=\"text-align: left;\">(Leggi le <a href=\"https:\/\/barcelona365.info\/recensione\/?lang=it\"><strong>Reviews<\/strong><\/a> degli altri viaggiatori)<\/p>\n<\/div>\n<div><\/div>\n<p>[\/vc_column_text][\/vc_column][vc_column width=&#8221;1\/3&#8243;]<div class=\"grve-element grve-image grve-align-center\" style=\"\"><img loading=\"lazy\" decoding=\"async\" width=\"625\" height=\"519\" src=\"https:\/\/barcelona365.info\/wp-content\/uploads\/2015\/02\/Foto-Francesc.jpg\" class=\"attachment-full size-full\" alt=\"\" srcset=\"https:\/\/barcelona365.info\/wp-content\/uploads\/2015\/02\/Foto-Francesc.jpg 625w, https:\/\/barcelona365.info\/wp-content\/uploads\/2015\/02\/Foto-Francesc-300x249.jpg 300w, https:\/\/barcelona365.info\/wp-content\/uploads\/2015\/02\/Foto-Francesc-560x465.jpg 560w\" sizes=\"(max-width: 625px) 100vw, 625px\" \/><\/div>[vc_empty_space]<div class=\"grve-element grve-image grve-align-center\" style=\"\"><img loading=\"lazy\" decoding=\"async\" width=\"506\" height=\"322\" src=\"https:\/\/barcelona365.info\/wp-content\/uploads\/2018\/09\/Carnet-Guia-2023-front.jpg\" class=\"attachment-full size-full\" alt=\"\" srcset=\"https:\/\/barcelona365.info\/wp-content\/uploads\/2018\/09\/Carnet-Guia-2023-front.jpg 506w, https:\/\/barcelona365.info\/wp-content\/uploads\/2018\/09\/Carnet-Guia-2023-front-300x191.jpg 300w\" sizes=\"(max-width: 506px) 100vw, 506px\" \/><\/div>[vc_column_text]<\/p>\n<p style=\"text-align: center;\"><a href=\"mailto:info@barcelona365.es\"><strong><span style=\"color: #000000;\">info@barcelona365.es<\/span><\/strong><\/a><strong>\u00a0 \u00a0<\/strong><strong>+34 629 70 90 77<\/strong><\/p>\n<p>[\/vc_column_text][vc_row_inner][vc_column_inner width=&#8221;1\/4&#8243;][\/vc_column_inner][vc_column_inner width=&#8221;1\/2&#8243;][vc_raw_html]JTNDZGl2JTIwaWQlM0QlMjJUQV9jZXJ0aWZpY2F0ZU9mRXhjZWxsZW5jZTYzNyUyMiUyMGNsYXNzJTNEJTIyVEFfY2VydGlmaWNhdGVPZkV4Y2VsbGVuY2UlMjIlM0UlMEElM0N1bCUyMGlkJTNEJTIyRm5XaG03Z1VOJTIyJTIwY2xhc3MlM0QlMjJUQV9saW5rcyUyMHVibENza0glMjIlM0UlMEElM0NsaSUyMGlkJTNEJTIyb1l4bjBDOSUyMiUyMGNsYXNzJTNEJTIySlkyYjRMTzklMjIlM0UlMEElM0NhJTIwdGFyZ2V0JTNEJTIyX2JsYW5rJTIyJTIwaHJlZiUzRCUyMmh0dHBzJTNBJTJGJTJGd3d3LnRyaXBhZHZpc29yLml0JTJGQXR0cmFjdGlvbl9SZXZpZXctZzE4NzQ5Ny1kMzIyMzk2Ni1SZXZpZXdzLUJhcmNlbG9uYTM2NV9EYXlfVG91ci1CYXJjZWxvbmFfQ2F0YWxvbmlhLmh0bWwlMjIlM0UlM0NpbWclMjBzcmMlM0QlMjJodHRwcyUzQSUyRiUyRnd3dy50cmlwYWR2aXNvci5pdCUyRmltZyUyRmNkc2klMkZpbWcyJTJGYXdhcmRzJTJGQ29FMjAxN19XaWRnZXRBc3NldC0xNDM0OC0yLnBuZyUyMiUyMGFsdCUzRCUyMlRyaXBBZHZpc29yJTIyJTIwY2xhc3MlM0QlMjJ3aWRDT0VJbWclMjIlMjBpZCUzRCUyMkNEU1dJRENPRUxPR08lMjIlMkYlM0UlM0MlMkZhJTNFJTBBJTNDJTJGbGklM0UlMEElM0MlMkZ1bCUzRSUwQSUzQyUyRmRpdiUzRSUwQSUzQ3NjcmlwdCUyMHNyYyUzRCUyMmh0dHBzJTNBJTJGJTJGd3d3LmpzY2FjaGUuY29tJTJGd2VqcyUzRnd0eXBlJTNEY2VydGlmaWNhdGVPZkV4Y2VsbGVuY2UlMjZhbXAlM0J1bmlxJTNENjM3JTI2YW1wJTNCbG9jYXRpb25JZCUzRDMyMjM5NjYlMjZhbXAlM0JsYW5nJTNEaXQlMjZhbXAlM0J5ZWFyJTNEMjAxNyUyNmFtcCUzQmRpc3BsYXlfdmVyc2lvbiUzRDIlMjIlM0UlM0MlMkZzY3JpcHQlM0U=[\/vc_raw_html][\/vc_column_inner][vc_column_inner width=&#8221;1\/4&#8243;][\/vc_column_inner][\/vc_row_inner][\/vc_column][\/vc_row][vc_row][vc_column width=&#8221;1\/4&#8243;][\/vc_column][vc_column width=&#8221;1\/4&#8243;]<div class=\"grve-element grve-align-left\"><a class=\"grve-btn grve-btn-small grve-square grve-bg-primary-1\" href=\"https:\/\/barcelona365.info\/it\/barcellona-guida-turistica-privata-gita-escursione-tours\/\" target=\"_self\" style=\"\"><span>SCEGLI IL TUO TOUR<\/span><\/a><\/div>[\/vc_column][vc_column width=&#8221;1\/4&#8243;]<div class=\"grve-element grve-align-left\"><a class=\"grve-btn grve-btn-small grve-square grve-bg-primary-1\" href=\"https:\/\/barcelona365.info\/it\/barcellona-guida-turistica-privata-tour-gita-escursione-prenota-ora\/\" target=\"_blank\" style=\"\"><span>PRENOTA \/ CHIEDIMI<\/span><\/a><\/div>[\/vc_column][vc_column width=&#8221;1\/4&#8243;][\/vc_column][\/vc_row]<\/p>\n<\/div>","protected":false},"excerpt":{"rendered":"<p>[vc_row section_type=&#8221;in-container&#8221;][vc_column width=&#8221;1\/2&#8243;][vc_empty_space height=&#8221;60px&#8221;][vc_column_text] Mi chiamo Francesc Garcia e sono Guida ufficiale in Catalogna (numero licenza 2753). Lavoro nel campo del turismo da anni accumulando una vasta esperienza come guida turistica. Offro le guide in lingua italiana, catalana, spagnola e inglese. [\/vc_column_text][\/vc_column][vc_column width=&#8221;1\/2&#8243;][\/vc_column][\/vc_row][vc_row][vc_column width=&#8221;2\/3&#8243;][vc_column_text] La mia storia: Sono nato e cresciuto a Barcellona. A 14 [&hellip;]<\/p>\n","protected":false},"author":1,"featured_media":0,"parent":0,"menu_order":0,"comment_status":"open","ping_status":"closed","template":"","meta":{"footnotes":""},"aioseo_notices":[],"_links":{"self":[{"href":"https:\/\/barcelona365.info\/it\/wp-json\/wp\/v2\/pages\/1501"}],"collection":[{"href":"https:\/\/barcelona365.info\/it\/wp-json\/wp\/v2\/pages"}],"about":[{"href":"https:\/\/barcelona365.info\/it\/wp-json\/wp\/v2\/types\/page"}],"author":[{"embeddable":true,"href":"https:\/\/barcelona365.info\/it\/wp-json\/wp\/v2\/users\/1"}],"replies":[{"embeddable":true,"href":"https:\/\/barcelona365.info\/it\/wp-json\/wp\/v2\/comments?post=1501"}],"version-history":[{"count":0,"href":"https:\/\/barcelona365.info\/it\/wp-json\/wp\/v2\/pages\/1501\/revisions"}],"wp:attachment":[{"href":"https:\/\/barcelona365.info\/it\/wp-json\/wp\/v2\/media?parent=1501"}],"curies":[{"name":"wp","href":"https:\/\/api.w.org\/{rel}","templated":true}]}}